{"id":3042,"date":"2025-07-03T18:59:29","date_gmt":"2025-07-03T18:59:29","guid":{"rendered":"https:\/\/egytopiatours.com\/zuhause\/datenschutzerklaerung\/"},"modified":"2026-03-10T10:42:22","modified_gmt":"2026-03-10T10:42:22","slug":"datenschutzerklaerung","status":"publish","type":"page","link":"https:\/\/egytopiatours.com\/de\/zuhause\/datenschutzerklaerung\/","title":{"rendered":"Datenschutzerkl\u00e4rung"},"content":{"rendered":"\t\t<div data-elementor-type=\"wp-page\" data-elementor-id=\"3042\" class=\"elementor elementor-3042 elementor-3\" data-elementor-post-type=\"page\">\n\t\t\t\t<div data-particle_enable=\"false\" data-particle-mobile-disabled=\"false\" class=\"elementor-element elementor-element-9fb7350 e-flex e-con-boxed wpr-particle-no wpr-jarallax-no wpr-parallax-no wpr-sticky-section-no wpr-equal-height-no e-con e-parent\" data-id=\"9fb7350\" data-element_type=\"container\" data-e-type=\"container\">\n\t\t\t\t\t<div class=\"e-con-inner\">\n\t\t\t\t<div class=\"elementor-element elementor-element-41308061 elementor-widget elementor-widget-text-editor\" data-id=\"41308061\" data-element_type=\"widget\" data-e-type=\"widget\" data-widget_type=\"text-editor.default\">\n\t\t\t\t\t\t\t\t\t\n<p data-start=\"237\" data-end=\"389\">Bei <strong data-start=\"240\" data-end=\"258\">EgyTopia Tours<\/strong> setzen wir uns daf\u00fcr ein, Ihre Privatsph\u00e4re zu sch\u00fctzen. Diese Richtlinie erkl\u00e4rt, wie wir Ihre pers\u00f6nlichen Daten sammeln, verwenden und sch\u00fctzen. <\/p>\n<h3 data-start=\"391\" data-end=\"419\">Informationen, die wir sammeln<\/h3>\n<p data-start=\"421\" data-end=\"570\"><strong data-start=\"421\" data-end=\"445\">Pers\u00f6nliche Informationen<\/strong><br data-start=\"445\" data-end=\"448\">Wir sammeln Angaben wie Ihren Namen, Ihre Adresse, Ihre Telefonnummer und Zahlungsinformationen, wenn Sie eine Reise buchen oder uns kontaktieren.<\/p>\n<p data-start=\"572\" data-end=\"698\"><strong data-start=\"572\" data-end=\"592\">Reisepr\u00e4ferenzen<\/strong><br data-start=\"592\" data-end=\"595\">Informationen zu Ihren Touroptionen, Sonderw\u00fcnschen oder Pr\u00e4ferenzen, um Ihr Erlebnis individuell zu gestalten.<\/p>\n<p data-start=\"700\" data-end=\"841\"><strong data-start=\"700\" data-end=\"714\">Nutzungsdaten<\/strong><br data-start=\"714\" data-end=\"717\">Wir k\u00f6nnen Informationen dar\u00fcber sammeln, wie Sie mit unserer Website interagieren, einschlie\u00dflich IP-Adressen, Browsertyp und Nutzungsmustern.<\/p>\n<h3 data-start=\"843\" data-end=\"876\">Wie wir Ihre Informationen verwenden<\/h3>\n<ul data-start=\"878\" data-end=\"1213\">\n<li data-start=\"878\" data-end=\"951\">\n<p data-start=\"880\" data-end=\"951\"><strong data-start=\"880\" data-end=\"903\">Buchungsmanagement:<\/strong> Um Ihre Tourreservierungen zu bearbeiten und zu verwalten.<\/p>\n<\/li>\n<li data-start=\"952\" data-end=\"1057\">\n<p data-start=\"954\" data-end=\"1057\"><strong data-start=\"954\" data-end=\"972\">Kommunikation:<\/strong> Um Ihnen Best\u00e4tigungen, Updates und Werbematerialien (mit Ihrer Zustimmung) zu senden.<\/p>\n<\/li>\n<li data-start=\"1058\" data-end=\"1132\">\n<p data-start=\"1060\" data-end=\"1132\"><strong data-start=\"1060\" data-end=\"1080\">Personalisierung:<\/strong> Um unsere Dienstleistungen an Ihre Vorlieben anzupassen.<\/p>\n<\/li>\n<li data-start=\"1133\" data-end=\"1213\">\n<p data-start=\"1135\" data-end=\"1213\"><strong data-start=\"1135\" data-end=\"1156\">Kundensupport:<\/strong> Um Ihre Anfragen zu beantworten und unsere Dienstleistungen zu verbessern.<\/p>\n<\/li>\n<\/ul>\n<h3 data-start=\"1215\" data-end=\"1238\">Teilen Ihrer Daten<\/h3>\n<p data-start=\"1240\" data-end=\"1329\">Wir <strong data-start=\"1246\" data-end=\"1266\">verkaufen oder vermieten<\/strong> Ihre pers\u00f6nlichen Daten nicht. Wir k\u00f6nnen Ihre Informationen nur mit: <\/p>\n<ul data-start=\"1331\" data-end=\"1511\">\n<li data-start=\"1331\" data-end=\"1437\">\n<p data-start=\"1333\" data-end=\"1437\"><strong data-start=\"1333\" data-end=\"1362\">Reisedienstleister:<\/strong> Hotels, Fluggesellschaften und lokale Betreiber sind direkt an Ihrer Buchung beteiligt.<\/p>\n<\/li>\n<li data-start=\"1438\" data-end=\"1511\">\n<p data-start=\"1440\" data-end=\"1511\"><strong data-start=\"1440\" data-end=\"1462\">Rechtliche Befugnisse:<\/strong> Wenn es gesetzlich erforderlich ist oder um unsere Rechte zu sch\u00fctzen.<\/p>\n<\/li>\n<\/ul>\n<h3 data-start=\"1513\" data-end=\"1532\">Datensicherheit<\/h3>\n<p data-start=\"1534\" data-end=\"1671\">Wir verwenden branchen\u00fcbliche Sicherheitsma\u00dfnahmen, um Ihre Informationen zu sch\u00fctzen, einschlie\u00dflich Verschl\u00fcsselung, Firewalls und sicherer Zahlungsabwicklung.<\/p>\n<h3 data-start=\"1673\" data-end=\"1690\">Ihre Rechte<\/h3>\n<p data-start=\"1692\" data-end=\"1716\">Sie haben das Recht zu:<\/p>\n<ul data-start=\"1717\" data-end=\"1859\">\n<li data-start=\"1717\" data-end=\"1747\">\n<p data-start=\"1719\" data-end=\"1747\">Greifen Sie auf Ihre pers\u00f6nlichen Daten zu.<\/p>\n<\/li>\n<li data-start=\"1748\" data-end=\"1798\">\n<p data-start=\"1750\" data-end=\"1798\">Fordern Sie Korrekturen bei ungenauen Informationen an.<\/p>\n<\/li>\n<li data-start=\"1799\" data-end=\"1859\">\n<p data-start=\"1801\" data-end=\"1859\">Entziehe die Zustimmung zum Empfang von Marketingmitteilungen.<\/p>\n<\/li>\n<\/ul>\n<h3 data-start=\"1861\" data-end=\"1887\">Cookies und Tracking<\/h3>\n<p data-start=\"1889\" data-end=\"2017\">Unsere Website verwendet Cookies, um Ihr Surferlebnis zu verbessern. Sie k\u00f6nnen Cookies \u00fcber Ihre Browsereinstellungen akzeptieren oder ablehnen. <\/p>\n<h3 data-start=\"2019\" data-end=\"2047\">Aktualisierungen dieser Richtlinie<\/h3>\n<p data-start=\"2049\" data-end=\"2162\">Wir k\u00f6nnen diese Richtlinie von Zeit zu Zeit aktualisieren. Wesentliche \u00c4nderungen werden auf unserer Website oder per E-Mail geteilt. <\/p>\n<h3 data-start=\"2164\" data-end=\"2180\">Kontaktieren Sie uns<\/h3>\n<p data-start=\"2182\" data-end=\"2260\">Wenn Sie Fragen zu dieser Richtlinie oder zu unseren Praktiken haben, kontaktieren Sie uns bitte:<\/p>\n<p data-start=\"2262\" data-end=\"2325\">\ud83d\udcde Telefon: +20 11 4379 1693<br data-start=\"2288\" data-end=\"2291\">\ud83d\udce7 E-Mail: <a class=\"decorated-link cursor-pointer\" rel=\"noopener\" data-start=\"2301\" data-end=\"2323\">info@egytopiatours.com<\/a><\/p>\n<h3 data-start=\"2327\" data-end=\"2343\">Fazit<\/h3>\n<p data-start=\"2345\" data-end=\"2504\">Vielen Dank, dass Sie <strong data-start=\"2368\" data-end=\"2386\">EgyTopia Tours<\/strong> Ihre Reiseplanung anvertrauen. Ihre Privatsph\u00e4re ist uns wichtig, und wir setzen uns daf\u00fcr ein, Ihre pers\u00f6nlichen Daten zu sch\u00fctzen. <\/p>\t\t\t\t\t\t\t\t<\/div>\n\t\t\t\t\t<\/div>\n\t\t\t\t<\/div>\n\t\t\t\t<\/div>\n\t\t","protected":false},"excerpt":{"rendered":"<p>Bei EgyTopia Tours setzen wir uns daf\u00fcr ein, Ihre Privatsph\u00e4re zu sch\u00fctzen. Diese Richtlinie erkl\u00e4rt, wie wir Ihre pers\u00f6nlichen Daten sammeln, verwenden und sch\u00fctzen. Informationen, die wir sammeln Pers\u00f6nliche InformationenWir sammeln Angaben wie Ihren Namen, Ihre Adresse, Ihre Telefonnummer und Zahlungsinformationen, wenn Sie eine Reise buchen oder uns kontaktieren. Reisepr\u00e4ferenzenInformationen zu Ihren Touroptionen, Sonderw\u00fcnschen oder Pr\u00e4ferenzen, um Ihr Erlebnis individuell zu gestalten. NutzungsdatenWir k\u00f6nnen Informationen dar\u00fcber sammeln, wie Sie mit unserer Website interagieren, einschlie\u00dflich IP-Adressen, Browsertyp und Nutzungsmustern. Wie wir Ihre Informationen verwenden Buchungsmanagement: Um Ihre Tourreservierungen zu bearbeiten und zu verwalten. Kommunikation: Um Ihnen Best\u00e4tigungen, Updates und Werbematerialien (mit Ihrer Zustimmung) zu senden. Personalisierung: Um unsere Dienstleistungen an Ihre Vorlieben anzupassen. Kundensupport: Um Ihre Anfragen zu beantworten und unsere Dienstleistungen zu verbessern. Teilen Ihrer Daten Wir verkaufen oder vermieten Ihre pers\u00f6nlichen Daten nicht. Wir k\u00f6nnen Ihre Informationen nur mit: Reisedienstleister: Hotels, Fluggesellschaften und lokale Betreiber sind direkt an Ihrer Buchung beteiligt. Rechtliche Befugnisse: Wenn es gesetzlich erforderlich ist oder um unsere Rechte zu sch\u00fctzen. Datensicherheit Wir verwenden branchen\u00fcbliche Sicherheitsma\u00dfnahmen, um Ihre Informationen zu sch\u00fctzen, einschlie\u00dflich Verschl\u00fcsselung, Firewalls und sicherer Zahlungsabwicklung. Ihre Rechte Sie haben das Recht zu: Greifen Sie auf Ihre pers\u00f6nlichen Daten zu. Fordern Sie Korrekturen bei ungenauen Informationen an. Entziehe die Zustimmung zum Empfang von Marketingmitteilungen. Cookies und Tracking Unsere Website verwendet Cookies, um Ihr Surferlebnis zu verbessern. Sie k\u00f6nnen Cookies \u00fcber Ihre Browsereinstellungen akzeptieren oder ablehnen. Aktualisierungen dieser Richtlinie Wir k\u00f6nnen diese Richtlinie von Zeit zu Zeit aktualisieren. Wesentliche \u00c4nderungen werden auf unserer Website oder per E-Mail geteilt. Kontaktieren Sie uns Wenn Sie Fragen zu dieser Richtlinie oder zu unseren Praktiken haben, kontaktieren Sie uns bitte: \ud83d\udcde Telefon: +20 11 4379 1693\ud83d\udce7 E-Mail: info@egytopiatours.com Fazit Vielen Dank, dass Sie EgyTopia Tours Ihre Reiseplanung anvertrauen. Ihre Privatsph\u00e4re ist uns wichtig, und wir setzen uns daf\u00fcr ein, Ihre pers\u00f6nlichen Daten zu sch\u00fctzen.<\/p>\n","protected":false},"author":1,"featured_media":0,"parent":2844,"menu_order":0,"comment_status":"closed","ping_status":"closed","template":"","meta":{"footnotes":""},"categories":[],"tags":[],"class_list":["post-3042","page","type-page","status-publish","hentry"],"yoast_head":"<!-- This site is optimized with the Yoast SEO plugin v27.3 - https:\/\/yoast.com\/product\/yoast-seo-wordpress\/ -->\n<title>Datenschutzerkl\u00e4rung - EgytopiaTours<\/title>\n<meta name=\"robots\" content=\"index, follow, max-snippet:-1, max-image-preview:large, max-video-preview:-1\" \/>\n<link rel=\"canonical\" href=\"https:\/\/egytopiatours.com\/de\/zuhause\/datenschutzerklaerung\/\" \/>\n<meta property=\"og:locale\" content=\"de_DE\" \/>\n<meta property=\"og:type\" content=\"article\" \/>\n<meta property=\"og:title\" content=\"Datenschutzerkl\u00e4rung - EgytopiaTours\" \/>\n<meta property=\"og:description\" content=\"Bei EgyTopia Tours setzen wir uns daf\u00fcr ein, Ihre Privatsph\u00e4re zu sch\u00fctzen. Diese Richtlinie erkl\u00e4rt, wie wir Ihre pers\u00f6nlichen Daten sammeln, verwenden und sch\u00fctzen. Informationen, die wir sammeln Pers\u00f6nliche InformationenWir sammeln Angaben wie Ihren Namen, Ihre Adresse, Ihre Telefonnummer und Zahlungsinformationen, wenn Sie eine Reise buchen oder uns kontaktieren. Reisepr\u00e4ferenzenInformationen zu Ihren Touroptionen, Sonderw\u00fcnschen oder Pr\u00e4ferenzen, um Ihr Erlebnis individuell zu gestalten. NutzungsdatenWir k\u00f6nnen Informationen dar\u00fcber sammeln, wie Sie mit unserer Website interagieren, einschlie\u00dflich IP-Adressen, Browsertyp und Nutzungsmustern. Wie wir Ihre Informationen verwenden Buchungsmanagement: Um Ihre Tourreservierungen zu bearbeiten und zu verwalten. Kommunikation: Um Ihnen Best\u00e4tigungen, Updates und Werbematerialien (mit Ihrer Zustimmung) zu senden. Personalisierung: Um unsere Dienstleistungen an Ihre Vorlieben anzupassen. Kundensupport: Um Ihre Anfragen zu beantworten und unsere Dienstleistungen zu verbessern. Teilen Ihrer Daten Wir verkaufen oder vermieten Ihre pers\u00f6nlichen Daten nicht. Wir k\u00f6nnen Ihre Informationen nur mit: Reisedienstleister: Hotels, Fluggesellschaften und lokale Betreiber sind direkt an Ihrer Buchung beteiligt. Rechtliche Befugnisse: Wenn es gesetzlich erforderlich ist oder um unsere Rechte zu sch\u00fctzen. Datensicherheit Wir verwenden branchen\u00fcbliche Sicherheitsma\u00dfnahmen, um Ihre Informationen zu sch\u00fctzen, einschlie\u00dflich Verschl\u00fcsselung, Firewalls und sicherer Zahlungsabwicklung. Ihre Rechte Sie haben das Recht zu: Greifen Sie auf Ihre pers\u00f6nlichen Daten zu. Fordern Sie Korrekturen bei ungenauen Informationen an. Entziehe die Zustimmung zum Empfang von Marketingmitteilungen. Cookies und Tracking Unsere Website verwendet Cookies, um Ihr Surferlebnis zu verbessern. Sie k\u00f6nnen Cookies \u00fcber Ihre Browsereinstellungen akzeptieren oder ablehnen. Aktualisierungen dieser Richtlinie Wir k\u00f6nnen diese Richtlinie von Zeit zu Zeit aktualisieren. Wesentliche \u00c4nderungen werden auf unserer Website oder per E-Mail geteilt. Kontaktieren Sie uns Wenn Sie Fragen zu dieser Richtlinie oder zu unseren Praktiken haben, kontaktieren Sie uns bitte: \ud83d\udcde Telefon: +20 11 4379 1693\ud83d\udce7 E-Mail: info@egytopiatours.com Fazit Vielen Dank, dass Sie EgyTopia Tours Ihre Reiseplanung anvertrauen. Ihre Privatsph\u00e4re ist uns wichtig, und wir setzen uns daf\u00fcr ein, Ihre pers\u00f6nlichen Daten zu sch\u00fctzen.\" \/>\n<meta property=\"og:url\" content=\"https:\/\/egytopiatours.com\/de\/zuhause\/datenschutzerklaerung\/\" \/>\n<meta property=\"og:site_name\" content=\"EgytopiaTours\" \/>\n<meta property=\"article:modified_time\" content=\"2026-03-10T10:42:22+00:00\" \/>\n<meta name=\"twitter:card\" content=\"summary_large_image\" \/>\n<meta name=\"twitter:label1\" content=\"Gesch\u00e4tzte Lesezeit\" \/>\n\t<meta name=\"twitter:data1\" content=\"2\u00a0Minuten\" \/>\n<script type=\"application\/ld+json\" class=\"yoast-schema-graph\">{\"@context\":\"https:\\\/\\\/schema.org\",\"@graph\":[{\"@type\":\"WebPage\",\"@id\":\"https:\\\/\\\/egytopiatours.com\\\/de\\\/zuhause\\\/datenschutzerklaerung\\\/\",\"url\":\"https:\\\/\\\/egytopiatours.com\\\/de\\\/zuhause\\\/datenschutzerklaerung\\\/\",\"name\":\"Datenschutzerkl\u00e4rung - EgytopiaTours\",\"isPartOf\":{\"@id\":\"https:\\\/\\\/egytopiatours.com\\\/de\\\/#website\"},\"datePublished\":\"2025-07-03T18:59:29+00:00\",\"dateModified\":\"2026-03-10T10:42:22+00:00\",\"breadcrumb\":{\"@id\":\"https:\\\/\\\/egytopiatours.com\\\/de\\\/zuhause\\\/datenschutzerklaerung\\\/#breadcrumb\"},\"inLanguage\":\"de\",\"potentialAction\":[{\"@type\":\"ReadAction\",\"target\":[\"https:\\\/\\\/egytopiatours.com\\\/de\\\/zuhause\\\/datenschutzerklaerung\\\/\"]}]},{\"@type\":\"BreadcrumbList\",\"@id\":\"https:\\\/\\\/egytopiatours.com\\\/de\\\/zuhause\\\/datenschutzerklaerung\\\/#breadcrumb\",\"itemListElement\":[{\"@type\":\"ListItem\",\"position\":1,\"name\":\"Home\",\"item\":\"https:\\\/\\\/egytopiatours.com\\\/de\\\/zuhause\\\/\"},{\"@type\":\"ListItem\",\"position\":2,\"name\":\"Zuhause\",\"item\":\"https:\\\/\\\/egytopiatours.com\\\/de\\\/zuhause\\\/\"},{\"@type\":\"ListItem\",\"position\":3,\"name\":\"Datenschutzerkl\u00e4rung\"}]},{\"@type\":\"WebSite\",\"@id\":\"https:\\\/\\\/egytopiatours.com\\\/de\\\/#website\",\"url\":\"https:\\\/\\\/egytopiatours.com\\\/de\\\/\",\"name\":\"EgytopiaTours\",\"description\":\"Tours from A to Z\",\"publisher\":{\"@id\":\"https:\\\/\\\/egytopiatours.com\\\/de\\\/#organization\"},\"potentialAction\":[{\"@type\":\"SearchAction\",\"target\":{\"@type\":\"EntryPoint\",\"urlTemplate\":\"https:\\\/\\\/egytopiatours.com\\\/de\\\/?s={search_term_string}\"},\"query-input\":{\"@type\":\"PropertyValueSpecification\",\"valueRequired\":true,\"valueName\":\"search_term_string\"}}],\"inLanguage\":\"de\"},{\"@type\":\"Organization\",\"@id\":\"https:\\\/\\\/egytopiatours.com\\\/de\\\/#organization\",\"name\":\"EgytopiaTours\",\"url\":\"https:\\\/\\\/egytopiatours.com\\\/de\\\/\",\"logo\":{\"@type\":\"ImageObject\",\"inLanguage\":\"de\",\"@id\":\"https:\\\/\\\/egytopiatours.com\\\/de\\\/#\\\/schema\\\/logo\\\/image\\\/\",\"url\":\"https:\\\/\\\/egytopiatours.com\\\/wp-content\\\/uploads\\\/2025\\\/07\\\/Egytopia_Horizontal_White-300x95-1.png\",\"contentUrl\":\"https:\\\/\\\/egytopiatours.com\\\/wp-content\\\/uploads\\\/2025\\\/07\\\/Egytopia_Horizontal_White-300x95-1.png\",\"width\":300,\"height\":95,\"caption\":\"EgytopiaTours\"},\"image\":{\"@id\":\"https:\\\/\\\/egytopiatours.com\\\/de\\\/#\\\/schema\\\/logo\\\/image\\\/\"}}]}<\/script>\n<!-- \/ Yoast SEO plugin. -->","yoast_head_json":{"title":"Datenschutzerkl\u00e4rung - EgytopiaTours","robots":{"index":"index","follow":"follow","max-snippet":"max-snippet:-1","max-image-preview":"max-image-preview:large","max-video-preview":"max-video-preview:-1"},"canonical":"https:\/\/egytopiatours.com\/de\/zuhause\/datenschutzerklaerung\/","og_locale":"de_DE","og_type":"article","og_title":"Datenschutzerkl\u00e4rung - EgytopiaTours","og_description":"Bei EgyTopia Tours setzen wir uns daf\u00fcr ein, Ihre Privatsph\u00e4re zu sch\u00fctzen. Diese Richtlinie erkl\u00e4rt, wie wir Ihre pers\u00f6nlichen Daten sammeln, verwenden und sch\u00fctzen. Informationen, die wir sammeln Pers\u00f6nliche InformationenWir sammeln Angaben wie Ihren Namen, Ihre Adresse, Ihre Telefonnummer und Zahlungsinformationen, wenn Sie eine Reise buchen oder uns kontaktieren. Reisepr\u00e4ferenzenInformationen zu Ihren Touroptionen, Sonderw\u00fcnschen oder Pr\u00e4ferenzen, um Ihr Erlebnis individuell zu gestalten. NutzungsdatenWir k\u00f6nnen Informationen dar\u00fcber sammeln, wie Sie mit unserer Website interagieren, einschlie\u00dflich IP-Adressen, Browsertyp und Nutzungsmustern. Wie wir Ihre Informationen verwenden Buchungsmanagement: Um Ihre Tourreservierungen zu bearbeiten und zu verwalten. Kommunikation: Um Ihnen Best\u00e4tigungen, Updates und Werbematerialien (mit Ihrer Zustimmung) zu senden. Personalisierung: Um unsere Dienstleistungen an Ihre Vorlieben anzupassen. Kundensupport: Um Ihre Anfragen zu beantworten und unsere Dienstleistungen zu verbessern. Teilen Ihrer Daten Wir verkaufen oder vermieten Ihre pers\u00f6nlichen Daten nicht. Wir k\u00f6nnen Ihre Informationen nur mit: Reisedienstleister: Hotels, Fluggesellschaften und lokale Betreiber sind direkt an Ihrer Buchung beteiligt. Rechtliche Befugnisse: Wenn es gesetzlich erforderlich ist oder um unsere Rechte zu sch\u00fctzen. Datensicherheit Wir verwenden branchen\u00fcbliche Sicherheitsma\u00dfnahmen, um Ihre Informationen zu sch\u00fctzen, einschlie\u00dflich Verschl\u00fcsselung, Firewalls und sicherer Zahlungsabwicklung. Ihre Rechte Sie haben das Recht zu: Greifen Sie auf Ihre pers\u00f6nlichen Daten zu. Fordern Sie Korrekturen bei ungenauen Informationen an. Entziehe die Zustimmung zum Empfang von Marketingmitteilungen. Cookies und Tracking Unsere Website verwendet Cookies, um Ihr Surferlebnis zu verbessern. Sie k\u00f6nnen Cookies \u00fcber Ihre Browsereinstellungen akzeptieren oder ablehnen. Aktualisierungen dieser Richtlinie Wir k\u00f6nnen diese Richtlinie von Zeit zu Zeit aktualisieren. Wesentliche \u00c4nderungen werden auf unserer Website oder per E-Mail geteilt. Kontaktieren Sie uns Wenn Sie Fragen zu dieser Richtlinie oder zu unseren Praktiken haben, kontaktieren Sie uns bitte: \ud83d\udcde Telefon: +20 11 4379 1693\ud83d\udce7 E-Mail: info@egytopiatours.com Fazit Vielen Dank, dass Sie EgyTopia Tours Ihre Reiseplanung anvertrauen. Ihre Privatsph\u00e4re ist uns wichtig, und wir setzen uns daf\u00fcr ein, Ihre pers\u00f6nlichen Daten zu sch\u00fctzen.","og_url":"https:\/\/egytopiatours.com\/de\/zuhause\/datenschutzerklaerung\/","og_site_name":"EgytopiaTours","article_modified_time":"2026-03-10T10:42:22+00:00","twitter_card":"summary_large_image","twitter_misc":{"Gesch\u00e4tzte Lesezeit":"2\u00a0Minuten"},"schema":{"@context":"https:\/\/schema.org","@graph":[{"@type":"WebPage","@id":"https:\/\/egytopiatours.com\/de\/zuhause\/datenschutzerklaerung\/","url":"https:\/\/egytopiatours.com\/de\/zuhause\/datenschutzerklaerung\/","name":"Datenschutzerkl\u00e4rung - EgytopiaTours","isPartOf":{"@id":"https:\/\/egytopiatours.com\/de\/#website"},"datePublished":"2025-07-03T18:59:29+00:00","dateModified":"2026-03-10T10:42:22+00:00","breadcrumb":{"@id":"https:\/\/egytopiatours.com\/de\/zuhause\/datenschutzerklaerung\/#breadcrumb"},"inLanguage":"de","potentialAction":[{"@type":"ReadAction","target":["https:\/\/egytopiatours.com\/de\/zuhause\/datenschutzerklaerung\/"]}]},{"@type":"BreadcrumbList","@id":"https:\/\/egytopiatours.com\/de\/zuhause\/datenschutzerklaerung\/#breadcrumb","itemListElement":[{"@type":"ListItem","position":1,"name":"Home","item":"https:\/\/egytopiatours.com\/de\/zuhause\/"},{"@type":"ListItem","position":2,"name":"Zuhause","item":"https:\/\/egytopiatours.com\/de\/zuhause\/"},{"@type":"ListItem","position":3,"name":"Datenschutzerkl\u00e4rung"}]},{"@type":"WebSite","@id":"https:\/\/egytopiatours.com\/de\/#website","url":"https:\/\/egytopiatours.com\/de\/","name":"EgytopiaTours","description":"Tours from A to Z","publisher":{"@id":"https:\/\/egytopiatours.com\/de\/#organization"},"potentialAction":[{"@type":"SearchAction","target":{"@type":"EntryPoint","urlTemplate":"https:\/\/egytopiatours.com\/de\/?s={search_term_string}"},"query-input":{"@type":"PropertyValueSpecification","valueRequired":true,"valueName":"search_term_string"}}],"inLanguage":"de"},{"@type":"Organization","@id":"https:\/\/egytopiatours.com\/de\/#organization","name":"EgytopiaTours","url":"https:\/\/egytopiatours.com\/de\/","logo":{"@type":"ImageObject","inLanguage":"de","@id":"https:\/\/egytopiatours.com\/de\/#\/schema\/logo\/image\/","url":"https:\/\/egytopiatours.com\/wp-content\/uploads\/2025\/07\/Egytopia_Horizontal_White-300x95-1.png","contentUrl":"https:\/\/egytopiatours.com\/wp-content\/uploads\/2025\/07\/Egytopia_Horizontal_White-300x95-1.png","width":300,"height":95,"caption":"EgytopiaTours"},"image":{"@id":"https:\/\/egytopiatours.com\/de\/#\/schema\/logo\/image\/"}}]}},"acf":[],"_links":{"self":[{"href":"https:\/\/egytopiatours.com\/de\/wp-json\/wp\/v2\/pages\/3042","targetHints":{"allow":["GET"]}}],"collection":[{"href":"https:\/\/egytopiatours.com\/de\/wp-json\/wp\/v2\/pages"}],"about":[{"href":"https:\/\/egytopiatours.com\/de\/wp-json\/wp\/v2\/types\/page"}],"author":[{"embeddable":true,"href":"https:\/\/egytopiatours.com\/de\/wp-json\/wp\/v2\/users\/1"}],"replies":[{"embeddable":true,"href":"https:\/\/egytopiatours.com\/de\/wp-json\/wp\/v2\/comments?post=3042"}],"version-history":[{"count":3,"href":"https:\/\/egytopiatours.com\/de\/wp-json\/wp\/v2\/pages\/3042\/revisions"}],"predecessor-version":[{"id":3045,"href":"https:\/\/egytopiatours.com\/de\/wp-json\/wp\/v2\/pages\/3042\/revisions\/3045"}],"up":[{"embeddable":true,"href":"https:\/\/egytopiatours.com\/de\/wp-json\/wp\/v2\/pages\/2844"}],"wp:attachment":[{"href":"https:\/\/egytopiatours.com\/de\/wp-json\/wp\/v2\/media?parent=3042"}],"wp:term":[{"taxonomy":"category","embeddable":true,"href":"https:\/\/egytopiatours.com\/de\/wp-json\/wp\/v2\/categories?post=3042"},{"taxonomy":"post_tag","embeddable":true,"href":"https:\/\/egytopiatours.com\/de\/wp-json\/wp\/v2\/tags?post=3042"}],"curies":[{"name":"wp","href":"https:\/\/api.w.org\/{rel}","templated":true}]}}