{"id":3505,"date":"2025-07-06T12:56:20","date_gmt":"2025-07-06T12:56:20","guid":{"rendered":"https:\/\/egytopiatours.com\/zuhause\/tailor-made\/"},"modified":"2026-03-10T10:56:18","modified_gmt":"2026-03-10T10:56:18","slug":"tailor-made","status":"publish","type":"page","link":"https:\/\/egytopiatours.com\/de\/zuhause\/tailor-made\/","title":{"rendered":"Tailor Made"},"content":{"rendered":"\t\t<div data-elementor-type=\"wp-post\" data-elementor-id=\"3505\" class=\"elementor elementor-3505 elementor-532\" data-elementor-post-type=\"page\">\n\t\t\t\t<div data-particle_enable=\"false\" data-particle-mobile-disabled=\"false\" class=\"elementor-element elementor-element-30879a9 e-flex e-con-boxed wpr-particle-no wpr-jarallax-no wpr-parallax-no wpr-sticky-section-no wpr-equal-height-no e-con e-parent\" data-id=\"30879a9\" data-element_type=\"container\" data-e-type=\"container\" data-settings=\"{&quot;background_background&quot;:&quot;classic&quot;}\">\n\t\t\t\t\t<div class=\"e-con-inner\">\n\t\t\t\t<div class=\"elementor-element elementor-element-30a58af elementor-widget elementor-widget-heading\" data-id=\"30a58af\" data-element_type=\"widget\" data-e-type=\"widget\" data-widget_type=\"heading.default\">\n\t\t\t\t\t<h1 class=\"elementor-heading-title elementor-size-default\">Tailor Made<\/h1>\t\t\t\t<\/div>\n\t\t\t\t<div class=\"elementor-element elementor-element-2508b23 elementor-widget elementor-widget-text-editor\" data-id=\"2508b23\" data-element_type=\"widget\" data-e-type=\"widget\" data-widget_type=\"text-editor.default\">\n\t\t\t\t\t\t\t\t\t<p>Dein Weg, dein Tempo, dein Weg.<\/p><p>Keine Karten, keine Grenzen, einfach \u00c4gypten auf deine Art.<\/p>\t\t\t\t\t\t\t\t<\/div>\n\t\t\t\t\t<\/div>\n\t\t\t\t<\/div>\n\t\t<div data-particle_enable=\"false\" data-particle-mobile-disabled=\"false\" class=\"elementor-element elementor-element-5cce532 e-flex e-con-boxed wpr-particle-no wpr-jarallax-no wpr-parallax-no wpr-sticky-section-no wpr-equal-height-no e-con e-parent\" data-id=\"5cce532\" data-element_type=\"container\" data-e-type=\"container\">\n\t\t\t\t\t<div class=\"e-con-inner\">\n\t\t\t\t<div class=\"elementor-element elementor-element-94eaa93 elementor-widget elementor-widget-heading\" data-id=\"94eaa93\" data-element_type=\"widget\" data-e-type=\"widget\" data-widget_type=\"heading.default\">\n\t\t\t\t\t<h2 class=\"elementor-heading-title elementor-size-default\">Deine Reise, deine Geschichte\n<\/h2>\t\t\t\t<\/div>\n\t\t\t\t<div class=\"elementor-element elementor-element-a77c51c elementor-widget__width-inherit elementor-widget elementor-widget-text-editor\" data-id=\"a77c51c\" data-element_type=\"widget\" data-e-type=\"widget\" data-widget_type=\"text-editor.default\">\n\t\t\t\t\t\t\t\t\t<p>Ma\u00dfgeschneiderte Touren sind von Grund auf speziell f\u00fcr Sie gebaut.<br>W\u00e4hle die Orte, das Tempo und die Priorit\u00e4ten. Ob schnell und voll oder langsam und landschaftlich \u2013 wir gestalten Ihre Traumreise nach \u00c4gypten ganz nach Ihrem Zeitplan und Stil. Ideal f\u00fcr Familien, Paare oder Alleinreisende, die volle Freiheit wollen.  <\/p>\t\t\t\t\t\t\t\t<\/div>\n\t\t\t\t<div class=\"elementor-element elementor-element-73826c6 elementor-widget-divider--view-line elementor-widget elementor-widget-divider\" data-id=\"73826c6\" data-element_type=\"widget\" data-e-type=\"widget\" data-widget_type=\"divider.default\">\n\t\t\t\t\t\t\t<div class=\"elementor-divider\">\n\t\t\t<span class=\"elementor-divider-separator\">\n\t\t\t\t\t\t<\/span>\n\t\t<\/div>\n\t\t\t\t\t\t<\/div>\n\t\t\t\t\t<\/div>\n\t\t\t\t<\/div>\n\t\t<div data-particle_enable=\"false\" data-particle-mobile-disabled=\"false\" class=\"elementor-element elementor-element-f254021 e-flex e-con-boxed wpr-particle-no wpr-jarallax-no wpr-parallax-no wpr-sticky-section-no wpr-equal-height-no e-con e-parent\" data-id=\"f254021\" data-element_type=\"container\" data-e-type=\"container\">\n\t\t\t\t\t<div class=\"e-con-inner\">\n\t\t\t\t<div class=\"elementor-element elementor-element-e8f9110 elementor-invisible elementor-widget elementor-widget-heading\" data-id=\"e8f9110\" data-element_type=\"widget\" data-e-type=\"widget\" data-settings=\"{&quot;_animation&quot;:&quot;fadeInUp&quot;}\" data-widget_type=\"heading.default\">\n\t\t\t\t\t<h2 class=\"elementor-heading-title elementor-size-default\">Plane es, beuge es, lebe es<\/h2>\t\t\t\t<\/div>\n\t\t\t\t<div class=\"elementor-element elementor-element-8ba18eb elementor-widget elementor-widget-shortcode\" data-id=\"8ba18eb\" data-element_type=\"widget\" data-e-type=\"widget\" data-widget_type=\"shortcode.default\">\n\t\t\t\t\t<script type=\"text\/javascript\">window[\"ccb_front_template_3565\"] = [];<\/script>\t\t<div class=\"elementor-shortcode\">\n<div class=\"ccb-main-widget \" id=\"ccb_app_3565\" data-calc-id=\"3565\"><\/div>\n<\/div>\n\t\t\t\t\t\t<\/div>\n\t\t\t\t\t<\/div>\n\t\t\t\t<\/div>\n\t\t\t\t<\/div>\n\t\t","protected":false},"excerpt":{"rendered":"<p>Tailor Made Dein Weg, dein Tempo, dein Weg. Keine Karten, keine Grenzen, einfach \u00c4gypten auf deine Art. Deine Reise, deine Geschichte Ma\u00dfgeschneiderte Touren sind von Grund auf speziell f\u00fcr Sie gebaut.W\u00e4hle die Orte, das Tempo und die Priorit\u00e4ten. Ob schnell und voll oder langsam und landschaftlich \u2013 wir gestalten Ihre Traumreise nach \u00c4gypten ganz nach Ihrem Zeitplan und Stil. Ideal f\u00fcr Familien, Paare oder Alleinreisende, die volle Freiheit wollen. Plane es, beuge es, lebe es<\/p>\n","protected":false},"author":1,"featured_media":0,"parent":2844,"menu_order":0,"comment_status":"closed","ping_status":"closed","template":"","meta":{"footnotes":""},"categories":[80,81,87],"tags":[],"class_list":["post-3505","page","type-page","status-publish","hentry","category-allgemeines","category-kategorien","category-tailor-made"],"yoast_head":"<!-- This site is optimized with the Yoast SEO plugin v27.3 - https:\/\/yoast.com\/product\/yoast-seo-wordpress\/ -->\n<title>Tailor Made - EgytopiaTours<\/title>\n<meta name=\"robots\" content=\"index, follow, max-snippet:-1, max-image-preview:large, max-video-preview:-1\" \/>\n<link rel=\"canonical\" href=\"https:\/\/egytopiatours.com\/de\/zuhause\/tailor-made\/\" \/>\n<meta property=\"og:locale\" content=\"de_DE\" \/>\n<meta property=\"og:type\" content=\"article\" \/>\n<meta property=\"og:title\" content=\"Tailor Made - EgytopiaTours\" \/>\n<meta property=\"og:description\" content=\"Tailor Made Dein Weg, dein Tempo, dein Weg. Keine Karten, keine Grenzen, einfach \u00c4gypten auf deine Art. Deine Reise, deine Geschichte Ma\u00dfgeschneiderte Touren sind von Grund auf speziell f\u00fcr Sie gebaut.W\u00e4hle die Orte, das Tempo und die Priorit\u00e4ten. Ob schnell und voll oder langsam und landschaftlich \u2013 wir gestalten Ihre Traumreise nach \u00c4gypten ganz nach Ihrem Zeitplan und Stil. Ideal f\u00fcr Familien, Paare oder Alleinreisende, die volle Freiheit wollen. Plane es, beuge es, lebe es\" \/>\n<meta property=\"og:url\" content=\"https:\/\/egytopiatours.com\/de\/zuhause\/tailor-made\/\" \/>\n<meta property=\"og:site_name\" content=\"EgytopiaTours\" \/>\n<meta property=\"article:modified_time\" content=\"2026-03-10T10:56:18+00:00\" \/>\n<meta name=\"twitter:card\" content=\"summary_large_image\" \/>\n<script type=\"application\/ld+json\" class=\"yoast-schema-graph\">{\"@context\":\"https:\\\/\\\/schema.org\",\"@graph\":[{\"@type\":\"WebPage\",\"@id\":\"https:\\\/\\\/egytopiatours.com\\\/de\\\/zuhause\\\/tailor-made\\\/\",\"url\":\"https:\\\/\\\/egytopiatours.com\\\/de\\\/zuhause\\\/tailor-made\\\/\",\"name\":\"Tailor Made - EgytopiaTours\",\"isPartOf\":{\"@id\":\"https:\\\/\\\/egytopiatours.com\\\/de\\\/#website\"},\"datePublished\":\"2025-07-06T12:56:20+00:00\",\"dateModified\":\"2026-03-10T10:56:18+00:00\",\"breadcrumb\":{\"@id\":\"https:\\\/\\\/egytopiatours.com\\\/de\\\/zuhause\\\/tailor-made\\\/#breadcrumb\"},\"inLanguage\":\"de\",\"potentialAction\":[{\"@type\":\"ReadAction\",\"target\":[\"https:\\\/\\\/egytopiatours.com\\\/de\\\/zuhause\\\/tailor-made\\\/\"]}]},{\"@type\":\"BreadcrumbList\",\"@id\":\"https:\\\/\\\/egytopiatours.com\\\/de\\\/zuhause\\\/tailor-made\\\/#breadcrumb\",\"itemListElement\":[{\"@type\":\"ListItem\",\"position\":1,\"name\":\"Home\",\"item\":\"https:\\\/\\\/egytopiatours.com\\\/de\\\/zuhause\\\/\"},{\"@type\":\"ListItem\",\"position\":2,\"name\":\"Zuhause\",\"item\":\"https:\\\/\\\/egytopiatours.com\\\/de\\\/zuhause\\\/\"},{\"@type\":\"ListItem\",\"position\":3,\"name\":\"Tailor Made\"}]},{\"@type\":\"WebSite\",\"@id\":\"https:\\\/\\\/egytopiatours.com\\\/de\\\/#website\",\"url\":\"https:\\\/\\\/egytopiatours.com\\\/de\\\/\",\"name\":\"EgytopiaTours\",\"description\":\"Tours from A to Z\",\"publisher\":{\"@id\":\"https:\\\/\\\/egytopiatours.com\\\/de\\\/#organization\"},\"potentialAction\":[{\"@type\":\"SearchAction\",\"target\":{\"@type\":\"EntryPoint\",\"urlTemplate\":\"https:\\\/\\\/egytopiatours.com\\\/de\\\/?s={search_term_string}\"},\"query-input\":{\"@type\":\"PropertyValueSpecification\",\"valueRequired\":true,\"valueName\":\"search_term_string\"}}],\"inLanguage\":\"de\"},{\"@type\":\"Organization\",\"@id\":\"https:\\\/\\\/egytopiatours.com\\\/de\\\/#organization\",\"name\":\"EgytopiaTours\",\"url\":\"https:\\\/\\\/egytopiatours.com\\\/de\\\/\",\"logo\":{\"@type\":\"ImageObject\",\"inLanguage\":\"de\",\"@id\":\"https:\\\/\\\/egytopiatours.com\\\/de\\\/#\\\/schema\\\/logo\\\/image\\\/\",\"url\":\"https:\\\/\\\/egytopiatours.com\\\/wp-content\\\/uploads\\\/2025\\\/07\\\/Egytopia_Horizontal_White-300x95-1.png\",\"contentUrl\":\"https:\\\/\\\/egytopiatours.com\\\/wp-content\\\/uploads\\\/2025\\\/07\\\/Egytopia_Horizontal_White-300x95-1.png\",\"width\":300,\"height\":95,\"caption\":\"EgytopiaTours\"},\"image\":{\"@id\":\"https:\\\/\\\/egytopiatours.com\\\/de\\\/#\\\/schema\\\/logo\\\/image\\\/\"}}]}<\/script>\n<!-- \/ Yoast SEO plugin. -->","yoast_head_json":{"title":"Tailor Made - EgytopiaTours","robots":{"index":"index","follow":"follow","max-snippet":"max-snippet:-1","max-image-preview":"max-image-preview:large","max-video-preview":"max-video-preview:-1"},"canonical":"https:\/\/egytopiatours.com\/de\/zuhause\/tailor-made\/","og_locale":"de_DE","og_type":"article","og_title":"Tailor Made - EgytopiaTours","og_description":"Tailor Made Dein Weg, dein Tempo, dein Weg. Keine Karten, keine Grenzen, einfach \u00c4gypten auf deine Art. Deine Reise, deine Geschichte Ma\u00dfgeschneiderte Touren sind von Grund auf speziell f\u00fcr Sie gebaut.W\u00e4hle die Orte, das Tempo und die Priorit\u00e4ten. Ob schnell und voll oder langsam und landschaftlich \u2013 wir gestalten Ihre Traumreise nach \u00c4gypten ganz nach Ihrem Zeitplan und Stil. Ideal f\u00fcr Familien, Paare oder Alleinreisende, die volle Freiheit wollen. Plane es, beuge es, lebe es","og_url":"https:\/\/egytopiatours.com\/de\/zuhause\/tailor-made\/","og_site_name":"EgytopiaTours","article_modified_time":"2026-03-10T10:56:18+00:00","twitter_card":"summary_large_image","schema":{"@context":"https:\/\/schema.org","@graph":[{"@type":"WebPage","@id":"https:\/\/egytopiatours.com\/de\/zuhause\/tailor-made\/","url":"https:\/\/egytopiatours.com\/de\/zuhause\/tailor-made\/","name":"Tailor Made - EgytopiaTours","isPartOf":{"@id":"https:\/\/egytopiatours.com\/de\/#website"},"datePublished":"2025-07-06T12:56:20+00:00","dateModified":"2026-03-10T10:56:18+00:00","breadcrumb":{"@id":"https:\/\/egytopiatours.com\/de\/zuhause\/tailor-made\/#breadcrumb"},"inLanguage":"de","potentialAction":[{"@type":"ReadAction","target":["https:\/\/egytopiatours.com\/de\/zuhause\/tailor-made\/"]}]},{"@type":"BreadcrumbList","@id":"https:\/\/egytopiatours.com\/de\/zuhause\/tailor-made\/#breadcrumb","itemListElement":[{"@type":"ListItem","position":1,"name":"Home","item":"https:\/\/egytopiatours.com\/de\/zuhause\/"},{"@type":"ListItem","position":2,"name":"Zuhause","item":"https:\/\/egytopiatours.com\/de\/zuhause\/"},{"@type":"ListItem","position":3,"name":"Tailor Made"}]},{"@type":"WebSite","@id":"https:\/\/egytopiatours.com\/de\/#website","url":"https:\/\/egytopiatours.com\/de\/","name":"EgytopiaTours","description":"Tours from A to Z","publisher":{"@id":"https:\/\/egytopiatours.com\/de\/#organization"},"potentialAction":[{"@type":"SearchAction","target":{"@type":"EntryPoint","urlTemplate":"https:\/\/egytopiatours.com\/de\/?s={search_term_string}"},"query-input":{"@type":"PropertyValueSpecification","valueRequired":true,"valueName":"search_term_string"}}],"inLanguage":"de"},{"@type":"Organization","@id":"https:\/\/egytopiatours.com\/de\/#organization","name":"EgytopiaTours","url":"https:\/\/egytopiatours.com\/de\/","logo":{"@type":"ImageObject","inLanguage":"de","@id":"https:\/\/egytopiatours.com\/de\/#\/schema\/logo\/image\/","url":"https:\/\/egytopiatours.com\/wp-content\/uploads\/2025\/07\/Egytopia_Horizontal_White-300x95-1.png","contentUrl":"https:\/\/egytopiatours.com\/wp-content\/uploads\/2025\/07\/Egytopia_Horizontal_White-300x95-1.png","width":300,"height":95,"caption":"EgytopiaTours"},"image":{"@id":"https:\/\/egytopiatours.com\/de\/#\/schema\/logo\/image\/"}}]}},"acf":[],"_links":{"self":[{"href":"https:\/\/egytopiatours.com\/de\/wp-json\/wp\/v2\/pages\/3505","targetHints":{"allow":["GET"]}}],"collection":[{"href":"https:\/\/egytopiatours.com\/de\/wp-json\/wp\/v2\/pages"}],"about":[{"href":"https:\/\/egytopiatours.com\/de\/wp-json\/wp\/v2\/types\/page"}],"author":[{"embeddable":true,"href":"https:\/\/egytopiatours.com\/de\/wp-json\/wp\/v2\/users\/1"}],"replies":[{"embeddable":true,"href":"https:\/\/egytopiatours.com\/de\/wp-json\/wp\/v2\/comments?post=3505"}],"version-history":[{"count":1,"href":"https:\/\/egytopiatours.com\/de\/wp-json\/wp\/v2\/pages\/3505\/revisions"}],"predecessor-version":[{"id":3506,"href":"https:\/\/egytopiatours.com\/de\/wp-json\/wp\/v2\/pages\/3505\/revisions\/3506"}],"up":[{"embeddable":true,"href":"https:\/\/egytopiatours.com\/de\/wp-json\/wp\/v2\/pages\/2844"}],"wp:attachment":[{"href":"https:\/\/egytopiatours.com\/de\/wp-json\/wp\/v2\/media?parent=3505"}],"wp:term":[{"taxonomy":"category","embeddable":true,"href":"https:\/\/egytopiatours.com\/de\/wp-json\/wp\/v2\/categories?post=3505"},{"taxonomy":"post_tag","embeddable":true,"href":"https:\/\/egytopiatours.com\/de\/wp-json\/wp\/v2\/tags?post=3505"}],"curies":[{"name":"wp","href":"https:\/\/api.w.org\/{rel}","templated":true}]}}