{"id":3971,"date":"2025-07-14T11:12:53","date_gmt":"2025-07-14T11:12:53","guid":{"rendered":"https:\/\/egytopiatours.com\/zuhause\/themenbasiert\/stimmen-aegyptens\/"},"modified":"2026-03-10T13:49:27","modified_gmt":"2026-03-10T13:49:27","slug":"stimmen-aegyptens","status":"publish","type":"page","link":"https:\/\/egytopiatours.com\/de\/zuhause\/themenbasiert\/stimmen-aegyptens\/","title":{"rendered":"Stimmen \u00c4gyptens"},"content":{"rendered":"\t\t<div data-elementor-type=\"wp-post\" data-elementor-id=\"3971\" class=\"elementor elementor-3971 elementor-2227\" data-elementor-post-type=\"page\">\n\t\t\t\t<div data-particle_enable=\"false\" data-particle-mobile-disabled=\"false\" class=\"elementor-element elementor-element-30879a9 e-flex e-con-boxed wpr-particle-no wpr-jarallax-no wpr-parallax-no wpr-sticky-section-no wpr-equal-height-no e-con e-parent\" data-id=\"30879a9\" data-element_type=\"container\" data-e-type=\"container\" data-settings=\"{&quot;background_background&quot;:&quot;classic&quot;}\">\n\t\t\t\t\t<div class=\"e-con-inner\">\n\t\t\t\t<div class=\"elementor-element elementor-element-30a58af elementor-widget elementor-widget-heading\" data-id=\"30a58af\" data-element_type=\"widget\" data-e-type=\"widget\" data-widget_type=\"heading.default\">\n\t\t\t\t\t<h1 class=\"elementor-heading-title elementor-size-default\">Stimmen \u00c4gyptens<\/h1>\t\t\t\t<\/div>\n\t\t\t\t\t<\/div>\n\t\t\t\t<\/div>\n\t\t<div data-particle_enable=\"false\" data-particle-mobile-disabled=\"false\" class=\"elementor-element elementor-element-5cce532 e-flex e-con-boxed wpr-particle-no wpr-jarallax-no wpr-parallax-no wpr-sticky-section-no wpr-equal-height-no e-con e-parent\" data-id=\"5cce532\" data-element_type=\"container\" data-e-type=\"container\">\n\t\t\t\t\t<div class=\"e-con-inner\">\n\t\t<div data-particle_enable=\"false\" data-particle-mobile-disabled=\"false\" class=\"elementor-element elementor-element-eb7ff1f e-con-full e-flex wpr-particle-no wpr-jarallax-no wpr-parallax-no wpr-sticky-section-no wpr-equal-height-no e-con e-child\" data-id=\"eb7ff1f\" data-element_type=\"container\" data-e-type=\"container\">\n\t\t\t\t<div class=\"elementor-element elementor-element-455a433 elementor-widget__width-initial elementor-widget elementor-widget-icon-box\" data-id=\"455a433\" data-element_type=\"widget\" data-e-type=\"widget\" data-widget_type=\"icon-box.default\">\n\t\t\t\t\t\t\t<div class=\"elementor-icon-box-wrapper\">\n\n\t\t\t\n\t\t\t\t\t\t<div class=\"elementor-icon-box-content\">\n\n\t\t\t\t\t\t\t\t\t<h3 class=\"elementor-icon-box-title\">\n\t\t\t\t\t\t<span  >\n\t\t\t\t\t\t\t1\t\t\t\t\t\t<\/span>\n\t\t\t\t\t<\/h3>\n\t\t\t\t\n\t\t\t\t\t\t\t\t\t<p class=\"elementor-icon-box-description\">\n\t\t\t\t\t\tTourneen\t\t\t\t\t<\/p>\n\t\t\t\t\n\t\t\t<\/div>\n\t\t\t\n\t\t<\/div>\n\t\t\t\t\t\t<\/div>\n\t\t\t\t<\/div>\n\t\t<div data-particle_enable=\"false\" data-particle-mobile-disabled=\"false\" class=\"elementor-element elementor-element-76485e8 e-flex e-con-boxed wpr-particle-no wpr-jarallax-no wpr-parallax-no wpr-sticky-section-no wpr-equal-height-no e-con e-child\" data-id=\"76485e8\" data-element_type=\"container\" data-e-type=\"container\">\n\t\t\t\t\t<div class=\"e-con-inner\">\n\t\t\t\t<div class=\"elementor-element elementor-element-c58c8a8 elementor-position-inline-start elementor-mobile-position-inline-start elementor-view-default elementor-widget elementor-widget-icon-box\" data-id=\"c58c8a8\" data-element_type=\"widget\" data-e-type=\"widget\" data-widget_type=\"icon-box.default\">\n\t\t\t\t\t\t\t<div class=\"elementor-icon-box-wrapper\">\n\n\t\t\t\t\t\t<div class=\"elementor-icon-box-icon\">\n\t\t\t\t<span  class=\"elementor-icon\">\n\t\t\t\t<svg aria-hidden=\"true\" class=\"e-font-icon-svg e-far-star\" viewBox=\"0 0 576 512\" xmlns=\"http:\/\/www.w3.org\/2000\/svg\"><path d=\"M528.1 171.5L382 150.2 316.7 17.8c-11.7-23.6-45.6-23.9-57.4 0L194 150.2 47.9 171.5c-26.2 3.8-36.7 36.1-17.7 54.6l105.7 103-25 145.5c-4.5 26.3 23.2 46 46.4 33.7L288 439.6l130.7 68.7c23.2 12.2 50.9-7.4 46.4-33.7l-25-145.5 105.7-103c19-18.5 8.5-50.8-17.7-54.6zM388.6 312.3l23.7 138.4L288 385.4l-124.3 65.3 23.7-138.4-100.6-98 139-20.2 62.2-126 62.2 126 139 20.2-100.6 98z\"><\/path><\/svg>\t\t\t\t<\/span>\n\t\t\t<\/div>\n\t\t\t\n\t\t\t\t\t\t<div class=\"elementor-icon-box-content\">\n\n\t\t\t\t\n\t\t\t\t\t\t\t\t\t<p class=\"elementor-icon-box-description\">\n\t\t\t\t\t\tGeschichten in der Luft\t\t\t\t\t<\/p>\n\t\t\t\t\n\t\t\t<\/div>\n\t\t\t\n\t\t<\/div>\n\t\t\t\t\t\t<\/div>\n\t\t\t\t<div class=\"elementor-element elementor-element-90a2704 elementor-position-inline-start elementor-mobile-position-inline-start elementor-view-default elementor-widget elementor-widget-icon-box\" data-id=\"90a2704\" data-element_type=\"widget\" data-e-type=\"widget\" data-widget_type=\"icon-box.default\">\n\t\t\t\t\t\t\t<div class=\"elementor-icon-box-wrapper\">\n\n\t\t\t\t\t\t<div class=\"elementor-icon-box-icon\">\n\t\t\t\t<span  class=\"elementor-icon\">\n\t\t\t\t<svg aria-hidden=\"true\" class=\"e-font-icon-svg e-far-star\" viewBox=\"0 0 576 512\" xmlns=\"http:\/\/www.w3.org\/2000\/svg\"><path d=\"M528.1 171.5L382 150.2 316.7 17.8c-11.7-23.6-45.6-23.9-57.4 0L194 150.2 47.9 171.5c-26.2 3.8-36.7 36.1-17.7 54.6l105.7 103-25 145.5c-4.5 26.3 23.2 46 46.4 33.7L288 439.6l130.7 68.7c23.2 12.2 50.9-7.4 46.4-33.7l-25-145.5 105.7-103c19-18.5 8.5-50.8-17.7-54.6zM388.6 312.3l23.7 138.4L288 385.4l-124.3 65.3 23.7-138.4-100.6-98 139-20.2 62.2-126 62.2 126 139 20.2-100.6 98z\"><\/path><\/svg>\t\t\t\t<\/span>\n\t\t\t<\/div>\n\t\t\t\n\t\t\t\t\t\t<div class=\"elementor-icon-box-content\">\n\n\t\t\t\t\n\t\t\t\t\t\t\t\t\t<p class=\"elementor-icon-box-description\">\n\t\t\t\t\t\tM\u00e4rkte &amp; Murmurmel\t\t\t\t\t<\/p>\n\t\t\t\t\n\t\t\t<\/div>\n\t\t\t\n\t\t<\/div>\n\t\t\t\t\t\t<\/div>\n\t\t\t\t<div class=\"elementor-element elementor-element-37755ac elementor-position-inline-start elementor-mobile-position-inline-start elementor-view-default elementor-widget elementor-widget-icon-box\" data-id=\"37755ac\" data-element_type=\"widget\" data-e-type=\"widget\" data-widget_type=\"icon-box.default\">\n\t\t\t\t\t\t\t<div class=\"elementor-icon-box-wrapper\">\n\n\t\t\t\t\t\t<div class=\"elementor-icon-box-icon\">\n\t\t\t\t<span  class=\"elementor-icon\">\n\t\t\t\t<svg aria-hidden=\"true\" class=\"e-font-icon-svg e-far-star\" viewBox=\"0 0 576 512\" xmlns=\"http:\/\/www.w3.org\/2000\/svg\"><path d=\"M528.1 171.5L382 150.2 316.7 17.8c-11.7-23.6-45.6-23.9-57.4 0L194 150.2 47.9 171.5c-26.2 3.8-36.7 36.1-17.7 54.6l105.7 103-25 145.5c-4.5 26.3 23.2 46 46.4 33.7L288 439.6l130.7 68.7c23.2 12.2 50.9-7.4 46.4-33.7l-25-145.5 105.7-103c19-18.5 8.5-50.8-17.7-54.6zM388.6 312.3l23.7 138.4L288 385.4l-124.3 65.3 23.7-138.4-100.6-98 139-20.2 62.2-126 62.2 126 139 20.2-100.6 98z\"><\/path><\/svg>\t\t\t\t<\/span>\n\t\t\t<\/div>\n\t\t\t\n\t\t\t\t\t\t<div class=\"elementor-icon-box-content\">\n\n\t\t\t\t\n\t\t\t\t\t\t\t\t\t<p class=\"elementor-icon-box-description\">\n\t\t\t\t\t\tLeben zwischen den Schlucken\t\t\t\t\t<\/p>\n\t\t\t\t\n\t\t\t<\/div>\n\t\t\t\n\t\t<\/div>\n\t\t\t\t\t\t<\/div>\n\t\t\t\t\t<\/div>\n\t\t\t\t<\/div>\n\t\t\t\t<div class=\"elementor-element elementor-element-73826c6 elementor-widget-divider--view-line elementor-widget elementor-widget-divider\" data-id=\"73826c6\" data-element_type=\"widget\" data-e-type=\"widget\" data-widget_type=\"divider.default\">\n\t\t\t\t\t\t\t<div class=\"elementor-divider\">\n\t\t\t<span class=\"elementor-divider-separator\">\n\t\t\t\t\t\t<\/span>\n\t\t<\/div>\n\t\t\t\t\t\t<\/div>\n\t\t<div data-particle_enable=\"false\" data-particle-mobile-disabled=\"false\" class=\"elementor-element elementor-element-119e30a e-con-full e-flex wpr-particle-no wpr-jarallax-no wpr-parallax-no wpr-sticky-section-no wpr-equal-height-no e-con e-child\" data-id=\"119e30a\" data-element_type=\"container\" data-e-type=\"container\">\n\t\t\t\t<div class=\"elementor-element elementor-element-a77c51c elementor-widget__width-inherit elementor-widget elementor-widget-text-editor\" data-id=\"a77c51c\" data-element_type=\"widget\" data-e-type=\"widget\" data-widget_type=\"text-editor.default\">\n\t\t\t\t\t\t\t\t\tJenseits der Monumente spricht \u00c4gypten. Durch Stra\u00dfenlieder, Caf\u00e9-Gespr\u00e4che und Dorflachen finden Sie den lebendigen Rhythmus des Landes. Treffen Sie Einheimische, teilen Sie Geschichten und entdecken Sie, wie Vergangenheit und Gegenwart im Alltag aufeinandertreffen. Das ist \u00c4gypten, roh und real.   \t\t\t\t\t\t\t\t<\/div>\n\t\t\t\t<\/div>\n\t\t\t\t<div class=\"elementor-element elementor-element-34def1b elementor-widget-divider--view-line elementor-widget elementor-widget-divider\" data-id=\"34def1b\" data-element_type=\"widget\" data-e-type=\"widget\" data-widget_type=\"divider.default\">\n\t\t\t\t\t\t\t<div class=\"elementor-divider\">\n\t\t\t<span class=\"elementor-divider-separator\">\n\t\t\t\t\t\t<\/span>\n\t\t<\/div>\n\t\t\t\t\t\t<\/div>\n\t\t\t\t<div class=\"elementor-element elementor-element-94eaa93 elementor-invisible elementor-widget elementor-widget-heading\" data-id=\"94eaa93\" data-element_type=\"widget\" data-e-type=\"widget\" data-settings=\"{&quot;_animation&quot;:&quot;fadeInUp&quot;}\" data-widget_type=\"heading.default\">\n\t\t\t\t\t<h2 class=\"elementor-heading-title elementor-size-default\">H\u00f6re die Seele einer Nation<\/h2>\t\t\t\t<\/div>\n\t\t<div data-particle_enable=\"false\" data-particle-mobile-disabled=\"false\" class=\"elementor-element elementor-element-a844ddb e-con-full e-flex wpr-particle-no wpr-jarallax-no wpr-parallax-no wpr-sticky-section-no wpr-equal-height-no e-con e-child\" data-id=\"a844ddb\" data-element_type=\"container\" data-e-type=\"container\">\n\t\t<div data-particle_enable=\"false\" data-particle-mobile-disabled=\"false\" class=\"elementor-element elementor-element-5a65803 e-con-full e-flex wpr-particle-no wpr-jarallax-no wpr-parallax-no wpr-sticky-section-no wpr-equal-height-no e-con e-child\" data-id=\"5a65803\" data-element_type=\"container\" data-e-type=\"container\" data-settings=\"{&quot;background_background&quot;:&quot;classic&quot;}\">\n\t\t\t\t<div class=\"elementor-element elementor-element-4d4aa0e elementor-widget elementor-widget-image\" data-id=\"4d4aa0e\" data-element_type=\"widget\" data-e-type=\"widget\" data-widget_type=\"image.default\">\n\t\t\t\t\t\t\t\t\t\t\t\t\t\t\t\t<a href=\"https:\/\/egytopiatours.com\/home\/theme-based\/voices-of-egypt\/cc-0120-egyptian-village-life-experience\/\">\n\t\t\t\t\t\t\t<img fetchpriority=\"high\" decoding=\"async\" width=\"800\" height=\"530\" src=\"https:\/\/egytopiatours.com\/wp-content\/uploads\/2025\/07\/UI_Al-Minia_Women-1024x678.webp\" class=\"attachment-large size-large wp-image-3924\" alt=\"\" srcset=\"https:\/\/egytopiatours.com\/wp-content\/uploads\/2025\/07\/UI_Al-Minia_Women-1024x678.webp 1024w, https:\/\/egytopiatours.com\/wp-content\/uploads\/2025\/07\/UI_Al-Minia_Women-300x199.webp 300w, https:\/\/egytopiatours.com\/wp-content\/uploads\/2025\/07\/UI_Al-Minia_Women-768x508.webp 768w, https:\/\/egytopiatours.com\/wp-content\/uploads\/2025\/07\/UI_Al-Minia_Women-1536x1017.webp 1536w, https:\/\/egytopiatours.com\/wp-content\/uploads\/2025\/07\/UI_Al-Minia_Women-2048x1355.webp 2048w\" sizes=\"(max-width: 800px) 100vw, 800px\" \/>\t\t\t\t\t\t\t\t<\/a>\n\t\t\t\t\t\t\t\t\t\t\t\t\t\t\t<\/div>\n\t\t\t\t<div class=\"elementor-element elementor-element-4ea8cab elementor-widget__width-initial elementor-widget elementor-widget-heading\" data-id=\"4ea8cab\" data-element_type=\"widget\" data-e-type=\"widget\" data-widget_type=\"heading.default\">\n\t\t\t\t\t<h2 class=\"elementor-heading-title elementor-size-default\"><a href=\"https:\/\/egytopiatours.com\/home\/theme-based\/voices-of-egypt\/cc-0120-egyptian-village-life-experience\/\">Von 50$<\/a><\/h2>\t\t\t\t<\/div>\n\t\t\t\t<div class=\"elementor-element elementor-element-c6997b8 elementor-widget elementor-widget-heading\" data-id=\"c6997b8\" data-element_type=\"widget\" data-e-type=\"widget\" data-widget_type=\"heading.default\">\n\t\t\t\t\t<h2 class=\"elementor-heading-title elementor-size-default\"><a href=\"https:\/\/egytopiatours.com\/home\/theme-based\/voices-of-egypt\/cc-0120-egyptian-village-life-experience\/\">\u00c4gyptische Dorflebenserfahrung<\/a><\/h2>\t\t\t\t<\/div>\n\t\t\t\t<div class=\"elementor-element elementor-element-44236f9 elementor-widget-divider--view-line elementor-widget elementor-widget-divider\" data-id=\"44236f9\" data-element_type=\"widget\" data-e-type=\"widget\" data-widget_type=\"divider.default\">\n\t\t\t\t\t\t\t<div class=\"elementor-divider\">\n\t\t\t<span class=\"elementor-divider-separator\">\n\t\t\t\t\t\t<\/span>\n\t\t<\/div>\n\t\t\t\t\t\t<\/div>\n\t\t\t\t<div class=\"elementor-element elementor-element-533b25a elementor-widget elementor-widget-text-editor\" data-id=\"533b25a\" data-element_type=\"widget\" data-e-type=\"widget\" data-widget_type=\"text-editor.default\">\n\t\t\t\t\t\t\t\t\t<p>Verbringe einen Tag im l\u00e4ndlichen \u00c4gypten, baue Landwirtschaft, backe, trinke Tee und genie\u00dfe das lokale Leben in der N\u00e4he antiker Pyramiden.<\/p>\t\t\t\t\t\t\t\t<\/div>\n\t\t\t\t<div class=\"elementor-element elementor-element-df4ce79 elementor-align-center elementor-widget elementor-widget-button\" data-id=\"df4ce79\" data-element_type=\"widget\" data-e-type=\"widget\" data-widget_type=\"button.default\">\n\t\t\t\t\t\t\t\t\t\t<a class=\"elementor-button elementor-button-link elementor-size-sm\" href=\"https:\/\/egytopiatours.com\/de\/zuhause\/themenbasiert\/stimmen-aegyptens\/cc-0120-aegyptische-dorflebenserfahrung\/\">\n\t\t\t\t\t\t<span class=\"elementor-button-content-wrapper\">\n\t\t\t\t\t\t\t\t\t<span class=\"elementor-button-text\">Weiterlesen<\/span>\n\t\t\t\t\t<\/span>\n\t\t\t\t\t<\/a>\n\t\t\t\t\t\t\t\t<\/div>\n\t\t\t\t<\/div>\n\t\t\t\t<\/div>\n\t\t\t\t\t<\/div>\n\t\t\t\t<\/div>\n\t\t\t\t<\/div>\n\t\t","protected":false},"excerpt":{"rendered":"<p>Stimmen \u00c4gyptens 1 Tourneen Geschichten in der Luft M\u00e4rkte &amp; Murmurmel Leben zwischen den Schlucken Jenseits der Monumente spricht \u00c4gypten. Durch Stra\u00dfenlieder, Caf\u00e9-Gespr\u00e4che und Dorflachen finden Sie den lebendigen Rhythmus des Landes. Treffen Sie Einheimische, teilen Sie Geschichten und entdecken Sie, wie Vergangenheit und Gegenwart im Alltag aufeinandertreffen. Das ist \u00c4gypten, roh und real. H\u00f6re die Seele einer Nation Von 50$ \u00c4gyptische Dorflebenserfahrung Verbringe einen Tag im l\u00e4ndlichen \u00c4gypten, baue Landwirtschaft, backe, trinke Tee und genie\u00dfe das lokale Leben in der N\u00e4he antiker Pyramiden. Weiterlesen<\/p>\n","protected":false},"author":1,"featured_media":0,"parent":3475,"menu_order":0,"comment_status":"closed","ping_status":"closed","template":"","meta":{"footnotes":""},"categories":[82],"tags":[],"class_list":["post-3971","page","type-page","status-publish","hentry","category-thema"],"yoast_head":"<!-- This site is optimized with the Yoast SEO plugin v27.3 - https:\/\/yoast.com\/product\/yoast-seo-wordpress\/ -->\n<title>Stimmen \u00c4gyptens - EgytopiaTours<\/title>\n<meta name=\"robots\" content=\"index, follow, max-snippet:-1, max-image-preview:large, max-video-preview:-1\" \/>\n<link rel=\"canonical\" href=\"https:\/\/egytopiatours.com\/de\/zuhause\/themenbasiert\/stimmen-aegyptens\/\" \/>\n<meta property=\"og:locale\" content=\"de_DE\" \/>\n<meta property=\"og:type\" content=\"article\" \/>\n<meta property=\"og:title\" content=\"Stimmen \u00c4gyptens - EgytopiaTours\" \/>\n<meta property=\"og:description\" content=\"Stimmen \u00c4gyptens 1 Tourneen Geschichten in der Luft M\u00e4rkte &amp; Murmurmel Leben zwischen den Schlucken Jenseits der Monumente spricht \u00c4gypten. Durch Stra\u00dfenlieder, Caf\u00e9-Gespr\u00e4che und Dorflachen finden Sie den lebendigen Rhythmus des Landes. Treffen Sie Einheimische, teilen Sie Geschichten und entdecken Sie, wie Vergangenheit und Gegenwart im Alltag aufeinandertreffen. Das ist \u00c4gypten, roh und real. H\u00f6re die Seele einer Nation Von 50$ \u00c4gyptische Dorflebenserfahrung Verbringe einen Tag im l\u00e4ndlichen \u00c4gypten, baue Landwirtschaft, backe, trinke Tee und genie\u00dfe das lokale Leben in der N\u00e4he antiker Pyramiden. Weiterlesen\" \/>\n<meta property=\"og:url\" content=\"https:\/\/egytopiatours.com\/de\/zuhause\/themenbasiert\/stimmen-aegyptens\/\" \/>\n<meta property=\"og:site_name\" content=\"EgytopiaTours\" \/>\n<meta property=\"article:modified_time\" content=\"2026-03-10T13:49:27+00:00\" \/>\n<meta property=\"og:image\" content=\"https:\/\/egytopiatours.com\/wp-content\/uploads\/2025\/07\/UI_Al-Minia_Women.webp\" \/>\n\t<meta property=\"og:image:width\" content=\"2268\" \/>\n\t<meta property=\"og:image:height\" content=\"1501\" \/>\n\t<meta property=\"og:image:type\" content=\"image\/webp\" \/>\n<meta name=\"twitter:card\" content=\"summary_large_image\" \/>\n<script type=\"application\/ld+json\" class=\"yoast-schema-graph\">{\"@context\":\"https:\\\/\\\/schema.org\",\"@graph\":[{\"@type\":\"WebPage\",\"@id\":\"https:\\\/\\\/egytopiatours.com\\\/de\\\/zuhause\\\/themenbasiert\\\/stimmen-aegyptens\\\/\",\"url\":\"https:\\\/\\\/egytopiatours.com\\\/de\\\/zuhause\\\/themenbasiert\\\/stimmen-aegyptens\\\/\",\"name\":\"Stimmen \u00c4gyptens - EgytopiaTours\",\"isPartOf\":{\"@id\":\"https:\\\/\\\/egytopiatours.com\\\/de\\\/#website\"},\"primaryImageOfPage\":{\"@id\":\"https:\\\/\\\/egytopiatours.com\\\/de\\\/zuhause\\\/themenbasiert\\\/stimmen-aegyptens\\\/#primaryimage\"},\"image\":{\"@id\":\"https:\\\/\\\/egytopiatours.com\\\/de\\\/zuhause\\\/themenbasiert\\\/stimmen-aegyptens\\\/#primaryimage\"},\"thumbnailUrl\":\"https:\\\/\\\/egytopiatours.com\\\/wp-content\\\/uploads\\\/2025\\\/07\\\/UI_Al-Minia_Women-1024x678.webp\",\"datePublished\":\"2025-07-14T11:12:53+00:00\",\"dateModified\":\"2026-03-10T13:49:27+00:00\",\"breadcrumb\":{\"@id\":\"https:\\\/\\\/egytopiatours.com\\\/de\\\/zuhause\\\/themenbasiert\\\/stimmen-aegyptens\\\/#breadcrumb\"},\"inLanguage\":\"de\",\"potentialAction\":[{\"@type\":\"ReadAction\",\"target\":[\"https:\\\/\\\/egytopiatours.com\\\/de\\\/zuhause\\\/themenbasiert\\\/stimmen-aegyptens\\\/\"]}]},{\"@type\":\"ImageObject\",\"inLanguage\":\"de\",\"@id\":\"https:\\\/\\\/egytopiatours.com\\\/de\\\/zuhause\\\/themenbasiert\\\/stimmen-aegyptens\\\/#primaryimage\",\"url\":\"https:\\\/\\\/egytopiatours.com\\\/wp-content\\\/uploads\\\/2025\\\/07\\\/UI_Al-Minia_Women-1024x678.webp\",\"contentUrl\":\"https:\\\/\\\/egytopiatours.com\\\/wp-content\\\/uploads\\\/2025\\\/07\\\/UI_Al-Minia_Women-1024x678.webp\"},{\"@type\":\"BreadcrumbList\",\"@id\":\"https:\\\/\\\/egytopiatours.com\\\/de\\\/zuhause\\\/themenbasiert\\\/stimmen-aegyptens\\\/#breadcrumb\",\"itemListElement\":[{\"@type\":\"ListItem\",\"position\":1,\"name\":\"Home\",\"item\":\"https:\\\/\\\/egytopiatours.com\\\/de\\\/zuhause\\\/\"},{\"@type\":\"ListItem\",\"position\":2,\"name\":\"Zuhause\",\"item\":\"https:\\\/\\\/egytopiatours.com\\\/de\\\/zuhause\\\/\"},{\"@type\":\"ListItem\",\"position\":3,\"name\":\"Themenbasiert\",\"item\":\"https:\\\/\\\/egytopiatours.com\\\/de\\\/zuhause\\\/themenbasiert\\\/\"},{\"@type\":\"ListItem\",\"position\":4,\"name\":\"Stimmen \u00c4gyptens\"}]},{\"@type\":\"WebSite\",\"@id\":\"https:\\\/\\\/egytopiatours.com\\\/de\\\/#website\",\"url\":\"https:\\\/\\\/egytopiatours.com\\\/de\\\/\",\"name\":\"EgytopiaTours\",\"description\":\"Tours from A to Z\",\"publisher\":{\"@id\":\"https:\\\/\\\/egytopiatours.com\\\/de\\\/#organization\"},\"potentialAction\":[{\"@type\":\"SearchAction\",\"target\":{\"@type\":\"EntryPoint\",\"urlTemplate\":\"https:\\\/\\\/egytopiatours.com\\\/de\\\/?s={search_term_string}\"},\"query-input\":{\"@type\":\"PropertyValueSpecification\",\"valueRequired\":true,\"valueName\":\"search_term_string\"}}],\"inLanguage\":\"de\"},{\"@type\":\"Organization\",\"@id\":\"https:\\\/\\\/egytopiatours.com\\\/de\\\/#organization\",\"name\":\"EgytopiaTours\",\"url\":\"https:\\\/\\\/egytopiatours.com\\\/de\\\/\",\"logo\":{\"@type\":\"ImageObject\",\"inLanguage\":\"de\",\"@id\":\"https:\\\/\\\/egytopiatours.com\\\/de\\\/#\\\/schema\\\/logo\\\/image\\\/\",\"url\":\"https:\\\/\\\/egytopiatours.com\\\/wp-content\\\/uploads\\\/2025\\\/07\\\/Egytopia_Horizontal_White-300x95-1.png\",\"contentUrl\":\"https:\\\/\\\/egytopiatours.com\\\/wp-content\\\/uploads\\\/2025\\\/07\\\/Egytopia_Horizontal_White-300x95-1.png\",\"width\":300,\"height\":95,\"caption\":\"EgytopiaTours\"},\"image\":{\"@id\":\"https:\\\/\\\/egytopiatours.com\\\/de\\\/#\\\/schema\\\/logo\\\/image\\\/\"}}]}<\/script>\n<!-- \/ Yoast SEO plugin. -->","yoast_head_json":{"title":"Stimmen \u00c4gyptens - EgytopiaTours","robots":{"index":"index","follow":"follow","max-snippet":"max-snippet:-1","max-image-preview":"max-image-preview:large","max-video-preview":"max-video-preview:-1"},"canonical":"https:\/\/egytopiatours.com\/de\/zuhause\/themenbasiert\/stimmen-aegyptens\/","og_locale":"de_DE","og_type":"article","og_title":"Stimmen \u00c4gyptens - EgytopiaTours","og_description":"Stimmen \u00c4gyptens 1 Tourneen Geschichten in der Luft M\u00e4rkte &amp; Murmurmel Leben zwischen den Schlucken Jenseits der Monumente spricht \u00c4gypten. Durch Stra\u00dfenlieder, Caf\u00e9-Gespr\u00e4che und Dorflachen finden Sie den lebendigen Rhythmus des Landes. Treffen Sie Einheimische, teilen Sie Geschichten und entdecken Sie, wie Vergangenheit und Gegenwart im Alltag aufeinandertreffen. Das ist \u00c4gypten, roh und real. H\u00f6re die Seele einer Nation Von 50$ \u00c4gyptische Dorflebenserfahrung Verbringe einen Tag im l\u00e4ndlichen \u00c4gypten, baue Landwirtschaft, backe, trinke Tee und genie\u00dfe das lokale Leben in der N\u00e4he antiker Pyramiden. Weiterlesen","og_url":"https:\/\/egytopiatours.com\/de\/zuhause\/themenbasiert\/stimmen-aegyptens\/","og_site_name":"EgytopiaTours","article_modified_time":"2026-03-10T13:49:27+00:00","og_image":[{"width":2268,"height":1501,"url":"https:\/\/egytopiatours.com\/wp-content\/uploads\/2025\/07\/UI_Al-Minia_Women.webp","type":"image\/webp"}],"twitter_card":"summary_large_image","schema":{"@context":"https:\/\/schema.org","@graph":[{"@type":"WebPage","@id":"https:\/\/egytopiatours.com\/de\/zuhause\/themenbasiert\/stimmen-aegyptens\/","url":"https:\/\/egytopiatours.com\/de\/zuhause\/themenbasiert\/stimmen-aegyptens\/","name":"Stimmen \u00c4gyptens - EgytopiaTours","isPartOf":{"@id":"https:\/\/egytopiatours.com\/de\/#website"},"primaryImageOfPage":{"@id":"https:\/\/egytopiatours.com\/de\/zuhause\/themenbasiert\/stimmen-aegyptens\/#primaryimage"},"image":{"@id":"https:\/\/egytopiatours.com\/de\/zuhause\/themenbasiert\/stimmen-aegyptens\/#primaryimage"},"thumbnailUrl":"https:\/\/egytopiatours.com\/wp-content\/uploads\/2025\/07\/UI_Al-Minia_Women-1024x678.webp","datePublished":"2025-07-14T11:12:53+00:00","dateModified":"2026-03-10T13:49:27+00:00","breadcrumb":{"@id":"https:\/\/egytopiatours.com\/de\/zuhause\/themenbasiert\/stimmen-aegyptens\/#breadcrumb"},"inLanguage":"de","potentialAction":[{"@type":"ReadAction","target":["https:\/\/egytopiatours.com\/de\/zuhause\/themenbasiert\/stimmen-aegyptens\/"]}]},{"@type":"ImageObject","inLanguage":"de","@id":"https:\/\/egytopiatours.com\/de\/zuhause\/themenbasiert\/stimmen-aegyptens\/#primaryimage","url":"https:\/\/egytopiatours.com\/wp-content\/uploads\/2025\/07\/UI_Al-Minia_Women-1024x678.webp","contentUrl":"https:\/\/egytopiatours.com\/wp-content\/uploads\/2025\/07\/UI_Al-Minia_Women-1024x678.webp"},{"@type":"BreadcrumbList","@id":"https:\/\/egytopiatours.com\/de\/zuhause\/themenbasiert\/stimmen-aegyptens\/#breadcrumb","itemListElement":[{"@type":"ListItem","position":1,"name":"Home","item":"https:\/\/egytopiatours.com\/de\/zuhause\/"},{"@type":"ListItem","position":2,"name":"Zuhause","item":"https:\/\/egytopiatours.com\/de\/zuhause\/"},{"@type":"ListItem","position":3,"name":"Themenbasiert","item":"https:\/\/egytopiatours.com\/de\/zuhause\/themenbasiert\/"},{"@type":"ListItem","position":4,"name":"Stimmen \u00c4gyptens"}]},{"@type":"WebSite","@id":"https:\/\/egytopiatours.com\/de\/#website","url":"https:\/\/egytopiatours.com\/de\/","name":"EgytopiaTours","description":"Tours from A to Z","publisher":{"@id":"https:\/\/egytopiatours.com\/de\/#organization"},"potentialAction":[{"@type":"SearchAction","target":{"@type":"EntryPoint","urlTemplate":"https:\/\/egytopiatours.com\/de\/?s={search_term_string}"},"query-input":{"@type":"PropertyValueSpecification","valueRequired":true,"valueName":"search_term_string"}}],"inLanguage":"de"},{"@type":"Organization","@id":"https:\/\/egytopiatours.com\/de\/#organization","name":"EgytopiaTours","url":"https:\/\/egytopiatours.com\/de\/","logo":{"@type":"ImageObject","inLanguage":"de","@id":"https:\/\/egytopiatours.com\/de\/#\/schema\/logo\/image\/","url":"https:\/\/egytopiatours.com\/wp-content\/uploads\/2025\/07\/Egytopia_Horizontal_White-300x95-1.png","contentUrl":"https:\/\/egytopiatours.com\/wp-content\/uploads\/2025\/07\/Egytopia_Horizontal_White-300x95-1.png","width":300,"height":95,"caption":"EgytopiaTours"},"image":{"@id":"https:\/\/egytopiatours.com\/de\/#\/schema\/logo\/image\/"}}]}},"acf":[],"_links":{"self":[{"href":"https:\/\/egytopiatours.com\/de\/wp-json\/wp\/v2\/pages\/3971","targetHints":{"allow":["GET"]}}],"collection":[{"href":"https:\/\/egytopiatours.com\/de\/wp-json\/wp\/v2\/pages"}],"about":[{"href":"https:\/\/egytopiatours.com\/de\/wp-json\/wp\/v2\/types\/page"}],"author":[{"embeddable":true,"href":"https:\/\/egytopiatours.com\/de\/wp-json\/wp\/v2\/users\/1"}],"replies":[{"embeddable":true,"href":"https:\/\/egytopiatours.com\/de\/wp-json\/wp\/v2\/comments?post=3971"}],"version-history":[{"count":1,"href":"https:\/\/egytopiatours.com\/de\/wp-json\/wp\/v2\/pages\/3971\/revisions"}],"predecessor-version":[{"id":3974,"href":"https:\/\/egytopiatours.com\/de\/wp-json\/wp\/v2\/pages\/3971\/revisions\/3974"}],"up":[{"embeddable":true,"href":"https:\/\/egytopiatours.com\/de\/wp-json\/wp\/v2\/pages\/3475"}],"wp:attachment":[{"href":"https:\/\/egytopiatours.com\/de\/wp-json\/wp\/v2\/media?parent=3971"}],"wp:term":[{"taxonomy":"category","embeddable":true,"href":"https:\/\/egytopiatours.com\/de\/wp-json\/wp\/v2\/categories?post=3971"},{"taxonomy":"post_tag","embeddable":true,"href":"https:\/\/egytopiatours.com\/de\/wp-json\/wp\/v2\/tags?post=3971"}],"curies":[{"name":"wp","href":"https:\/\/api.w.org\/{rel}","templated":true}]}}