{"id":3503,"date":"2025-07-06T12:56:20","date_gmt":"2025-07-06T12:56:20","guid":{"rendered":"https:\/\/egytopiatours.com\/accueil\/sur-mesure\/"},"modified":"2026-03-10T10:56:18","modified_gmt":"2026-03-10T10:56:18","slug":"sur-mesure","status":"publish","type":"page","link":"https:\/\/egytopiatours.com\/fr\/accueil\/sur-mesure\/","title":{"rendered":"Sur mesure"},"content":{"rendered":"\t\t<div data-elementor-type=\"wp-post\" data-elementor-id=\"3503\" class=\"elementor elementor-3503 elementor-532\" data-elementor-post-type=\"page\">\n\t\t\t\t<div data-particle_enable=\"false\" data-particle-mobile-disabled=\"false\" class=\"elementor-element elementor-element-30879a9 e-flex e-con-boxed wpr-particle-no wpr-jarallax-no wpr-parallax-no wpr-sticky-section-no wpr-equal-height-no e-con e-parent\" data-id=\"30879a9\" data-element_type=\"container\" data-e-type=\"container\" data-settings=\"{&quot;background_background&quot;:&quot;classic&quot;}\">\n\t\t\t\t\t<div class=\"e-con-inner\">\n\t\t\t\t<div class=\"elementor-element elementor-element-30a58af elementor-widget elementor-widget-heading\" data-id=\"30a58af\" data-element_type=\"widget\" data-e-type=\"widget\" data-widget_type=\"heading.default\">\n\t\t\t\t\t<h1 class=\"elementor-heading-title elementor-size-default\">Sur mesure<\/h1>\t\t\t\t<\/div>\n\t\t\t\t<div class=\"elementor-element elementor-element-2508b23 elementor-widget elementor-widget-text-editor\" data-id=\"2508b23\" data-element_type=\"widget\" data-e-type=\"widget\" data-widget_type=\"text-editor.default\">\n\t\t\t\t\t\t\t\t\t<p>Ton voyage, ton rythme, ta fa\u00e7on.<\/p><p>Pas de cartes, pas de limites, juste l\u2019\u00c9gypte \u00e0 ta fa\u00e7on.<\/p>\t\t\t\t\t\t\t\t<\/div>\n\t\t\t\t\t<\/div>\n\t\t\t\t<\/div>\n\t\t<div data-particle_enable=\"false\" data-particle-mobile-disabled=\"false\" class=\"elementor-element elementor-element-5cce532 e-flex e-con-boxed wpr-particle-no wpr-jarallax-no wpr-parallax-no wpr-sticky-section-no wpr-equal-height-no e-con e-parent\" data-id=\"5cce532\" data-element_type=\"container\" data-e-type=\"container\">\n\t\t\t\t\t<div class=\"e-con-inner\">\n\t\t\t\t<div class=\"elementor-element elementor-element-94eaa93 elementor-widget elementor-widget-heading\" data-id=\"94eaa93\" data-element_type=\"widget\" data-e-type=\"widget\" data-widget_type=\"heading.default\">\n\t\t\t\t\t<h2 class=\"elementor-heading-title elementor-size-default\">Ton voyage, ton histoire\n<\/h2>\t\t\t\t<\/div>\n\t\t\t\t<div class=\"elementor-element elementor-element-a77c51c elementor-widget__width-inherit elementor-widget elementor-widget-text-editor\" data-id=\"a77c51c\" data-element_type=\"widget\" data-e-type=\"widget\" data-widget_type=\"text-editor.default\">\n\t\t\t\t\t\t\t\t\t<p>Les Custom-Made Tours sont con\u00e7us sp\u00e9cialement pour vous, de z\u00e9ro.<br>Choisissez les endroits, le rythme et les priorit\u00e9s. Qu\u2019il soit rapide et plein ou lent et pittoresque, nous cr\u00e9ons votre voyage de r\u00eave en \u00c9gypte selon votre emploi du temps et de votre style. Id\u00e9al pour les familles, les couples ou les voyageurs en solo qui souhaitent une libert\u00e9 totale.  <\/p>\t\t\t\t\t\t\t\t<\/div>\n\t\t\t\t<div class=\"elementor-element elementor-element-73826c6 elementor-widget-divider--view-line elementor-widget elementor-widget-divider\" data-id=\"73826c6\" data-element_type=\"widget\" data-e-type=\"widget\" data-widget_type=\"divider.default\">\n\t\t\t\t\t\t\t<div class=\"elementor-divider\">\n\t\t\t<span class=\"elementor-divider-separator\">\n\t\t\t\t\t\t<\/span>\n\t\t<\/div>\n\t\t\t\t\t\t<\/div>\n\t\t\t\t\t<\/div>\n\t\t\t\t<\/div>\n\t\t<div data-particle_enable=\"false\" data-particle-mobile-disabled=\"false\" class=\"elementor-element elementor-element-f254021 e-flex e-con-boxed wpr-particle-no wpr-jarallax-no wpr-parallax-no wpr-sticky-section-no wpr-equal-height-no e-con e-parent\" data-id=\"f254021\" data-element_type=\"container\" data-e-type=\"container\">\n\t\t\t\t\t<div class=\"e-con-inner\">\n\t\t\t\t<div class=\"elementor-element elementor-element-e8f9110 elementor-invisible elementor-widget elementor-widget-heading\" data-id=\"e8f9110\" data-element_type=\"widget\" data-e-type=\"widget\" data-settings=\"{&quot;_animation&quot;:&quot;fadeInUp&quot;}\" data-widget_type=\"heading.default\">\n\t\t\t\t\t<h2 class=\"elementor-heading-title elementor-size-default\">Planifiez-le, fixez-le le prix, vivez-le<\/h2>\t\t\t\t<\/div>\n\t\t\t\t<div class=\"elementor-element elementor-element-8ba18eb elementor-widget elementor-widget-shortcode\" data-id=\"8ba18eb\" data-element_type=\"widget\" data-e-type=\"widget\" data-widget_type=\"shortcode.default\">\n\t\t\t\t\t<script type=\"text\/javascript\">window[\"ccb_front_template_3563\"] = [];<\/script>\t\t<div class=\"elementor-shortcode\">\n<div class=\"ccb-main-widget \" id=\"ccb_app_3563\" data-calc-id=\"3563\"><\/div>\n<\/div>\n\t\t\t\t\t\t<\/div>\n\t\t\t\t\t<\/div>\n\t\t\t\t<\/div>\n\t\t\t\t<\/div>\n\t\t","protected":false},"excerpt":{"rendered":"<p>Sur mesure Ton voyage, ton rythme, ta fa\u00e7on. Pas de cartes, pas de limites, juste l\u2019\u00c9gypte \u00e0 ta fa\u00e7on. Ton voyage, ton histoire Les Custom-Made Tours sont con\u00e7us sp\u00e9cialement pour vous, de z\u00e9ro.Choisissez les endroits, le rythme et les priorit\u00e9s. Qu\u2019il soit rapide et plein ou lent et pittoresque, nous cr\u00e9ons votre voyage de r\u00eave en \u00c9gypte selon votre emploi du temps et de votre style. Id\u00e9al pour les familles, les couples ou les voyageurs en solo qui souhaitent une libert\u00e9 totale. Planifiez-le, fixez-le le prix, vivez-le<\/p>\n","protected":false},"author":1,"featured_media":0,"parent":2821,"menu_order":0,"comment_status":"closed","ping_status":"closed","template":"","meta":{"footnotes":""},"categories":[85,84,86],"tags":[],"class_list":["post-3503","page","type-page","status-publish","hentry","category-categories","category-generalites","category-sur-mesure"],"yoast_head":"<!-- This site is optimized with the Yoast SEO plugin v27.3 - https:\/\/yoast.com\/product\/yoast-seo-wordpress\/ -->\n<title>Sur mesure - EgytopiaTours<\/title>\n<meta name=\"robots\" content=\"index, follow, max-snippet:-1, max-image-preview:large, max-video-preview:-1\" \/>\n<link rel=\"canonical\" href=\"https:\/\/egytopiatours.com\/fr\/accueil\/sur-mesure\/\" \/>\n<meta property=\"og:locale\" content=\"fr_FR\" \/>\n<meta property=\"og:type\" content=\"article\" \/>\n<meta property=\"og:title\" content=\"Sur mesure - EgytopiaTours\" \/>\n<meta property=\"og:description\" content=\"Sur mesure Ton voyage, ton rythme, ta fa\u00e7on. Pas de cartes, pas de limites, juste l\u2019\u00c9gypte \u00e0 ta fa\u00e7on. Ton voyage, ton histoire Les Custom-Made Tours sont con\u00e7us sp\u00e9cialement pour vous, de z\u00e9ro.Choisissez les endroits, le rythme et les priorit\u00e9s. Qu\u2019il soit rapide et plein ou lent et pittoresque, nous cr\u00e9ons votre voyage de r\u00eave en \u00c9gypte selon votre emploi du temps et de votre style. Id\u00e9al pour les familles, les couples ou les voyageurs en solo qui souhaitent une libert\u00e9 totale. Planifiez-le, fixez-le le prix, vivez-le\" \/>\n<meta property=\"og:url\" content=\"https:\/\/egytopiatours.com\/fr\/accueil\/sur-mesure\/\" \/>\n<meta property=\"og:site_name\" content=\"EgytopiaTours\" \/>\n<meta property=\"article:modified_time\" content=\"2026-03-10T10:56:18+00:00\" \/>\n<meta name=\"twitter:card\" content=\"summary_large_image\" \/>\n<meta name=\"twitter:label1\" content=\"Dur\u00e9e de lecture estim\u00e9e\" \/>\n\t<meta name=\"twitter:data1\" content=\"1 minute\" \/>\n<script type=\"application\/ld+json\" class=\"yoast-schema-graph\">{\"@context\":\"https:\\\/\\\/schema.org\",\"@graph\":[{\"@type\":\"WebPage\",\"@id\":\"https:\\\/\\\/egytopiatours.com\\\/fr\\\/accueil\\\/sur-mesure\\\/\",\"url\":\"https:\\\/\\\/egytopiatours.com\\\/fr\\\/accueil\\\/sur-mesure\\\/\",\"name\":\"Sur mesure - EgytopiaTours\",\"isPartOf\":{\"@id\":\"https:\\\/\\\/egytopiatours.com\\\/fr\\\/#website\"},\"datePublished\":\"2025-07-06T12:56:20+00:00\",\"dateModified\":\"2026-03-10T10:56:18+00:00\",\"breadcrumb\":{\"@id\":\"https:\\\/\\\/egytopiatours.com\\\/fr\\\/accueil\\\/sur-mesure\\\/#breadcrumb\"},\"inLanguage\":\"fr-FR\",\"potentialAction\":[{\"@type\":\"ReadAction\",\"target\":[\"https:\\\/\\\/egytopiatours.com\\\/fr\\\/accueil\\\/sur-mesure\\\/\"]}]},{\"@type\":\"BreadcrumbList\",\"@id\":\"https:\\\/\\\/egytopiatours.com\\\/fr\\\/accueil\\\/sur-mesure\\\/#breadcrumb\",\"itemListElement\":[{\"@type\":\"ListItem\",\"position\":1,\"name\":\"Home\",\"item\":\"https:\\\/\\\/egytopiatours.com\\\/fr\\\/accueil\\\/\"},{\"@type\":\"ListItem\",\"position\":2,\"name\":\"Accueil\",\"item\":\"https:\\\/\\\/egytopiatours.com\\\/fr\\\/accueil\\\/\"},{\"@type\":\"ListItem\",\"position\":3,\"name\":\"Sur mesure\"}]},{\"@type\":\"WebSite\",\"@id\":\"https:\\\/\\\/egytopiatours.com\\\/fr\\\/#website\",\"url\":\"https:\\\/\\\/egytopiatours.com\\\/fr\\\/\",\"name\":\"EgytopiaTours\",\"description\":\"Tours from A to Z\",\"publisher\":{\"@id\":\"https:\\\/\\\/egytopiatours.com\\\/fr\\\/#organization\"},\"potentialAction\":[{\"@type\":\"SearchAction\",\"target\":{\"@type\":\"EntryPoint\",\"urlTemplate\":\"https:\\\/\\\/egytopiatours.com\\\/fr\\\/?s={search_term_string}\"},\"query-input\":{\"@type\":\"PropertyValueSpecification\",\"valueRequired\":true,\"valueName\":\"search_term_string\"}}],\"inLanguage\":\"fr-FR\"},{\"@type\":\"Organization\",\"@id\":\"https:\\\/\\\/egytopiatours.com\\\/fr\\\/#organization\",\"name\":\"EgytopiaTours\",\"url\":\"https:\\\/\\\/egytopiatours.com\\\/fr\\\/\",\"logo\":{\"@type\":\"ImageObject\",\"inLanguage\":\"fr-FR\",\"@id\":\"https:\\\/\\\/egytopiatours.com\\\/fr\\\/#\\\/schema\\\/logo\\\/image\\\/\",\"url\":\"https:\\\/\\\/egytopiatours.com\\\/wp-content\\\/uploads\\\/2025\\\/07\\\/Egytopia_Horizontal_White-300x95-1.png\",\"contentUrl\":\"https:\\\/\\\/egytopiatours.com\\\/wp-content\\\/uploads\\\/2025\\\/07\\\/Egytopia_Horizontal_White-300x95-1.png\",\"width\":300,\"height\":95,\"caption\":\"EgytopiaTours\"},\"image\":{\"@id\":\"https:\\\/\\\/egytopiatours.com\\\/fr\\\/#\\\/schema\\\/logo\\\/image\\\/\"}}]}<\/script>\n<!-- \/ Yoast SEO plugin. -->","yoast_head_json":{"title":"Sur mesure - EgytopiaTours","robots":{"index":"index","follow":"follow","max-snippet":"max-snippet:-1","max-image-preview":"max-image-preview:large","max-video-preview":"max-video-preview:-1"},"canonical":"https:\/\/egytopiatours.com\/fr\/accueil\/sur-mesure\/","og_locale":"fr_FR","og_type":"article","og_title":"Sur mesure - EgytopiaTours","og_description":"Sur mesure Ton voyage, ton rythme, ta fa\u00e7on. Pas de cartes, pas de limites, juste l\u2019\u00c9gypte \u00e0 ta fa\u00e7on. Ton voyage, ton histoire Les Custom-Made Tours sont con\u00e7us sp\u00e9cialement pour vous, de z\u00e9ro.Choisissez les endroits, le rythme et les priorit\u00e9s. Qu\u2019il soit rapide et plein ou lent et pittoresque, nous cr\u00e9ons votre voyage de r\u00eave en \u00c9gypte selon votre emploi du temps et de votre style. Id\u00e9al pour les familles, les couples ou les voyageurs en solo qui souhaitent une libert\u00e9 totale. Planifiez-le, fixez-le le prix, vivez-le","og_url":"https:\/\/egytopiatours.com\/fr\/accueil\/sur-mesure\/","og_site_name":"EgytopiaTours","article_modified_time":"2026-03-10T10:56:18+00:00","twitter_card":"summary_large_image","twitter_misc":{"Dur\u00e9e de lecture estim\u00e9e":"1 minute"},"schema":{"@context":"https:\/\/schema.org","@graph":[{"@type":"WebPage","@id":"https:\/\/egytopiatours.com\/fr\/accueil\/sur-mesure\/","url":"https:\/\/egytopiatours.com\/fr\/accueil\/sur-mesure\/","name":"Sur mesure - EgytopiaTours","isPartOf":{"@id":"https:\/\/egytopiatours.com\/fr\/#website"},"datePublished":"2025-07-06T12:56:20+00:00","dateModified":"2026-03-10T10:56:18+00:00","breadcrumb":{"@id":"https:\/\/egytopiatours.com\/fr\/accueil\/sur-mesure\/#breadcrumb"},"inLanguage":"fr-FR","potentialAction":[{"@type":"ReadAction","target":["https:\/\/egytopiatours.com\/fr\/accueil\/sur-mesure\/"]}]},{"@type":"BreadcrumbList","@id":"https:\/\/egytopiatours.com\/fr\/accueil\/sur-mesure\/#breadcrumb","itemListElement":[{"@type":"ListItem","position":1,"name":"Home","item":"https:\/\/egytopiatours.com\/fr\/accueil\/"},{"@type":"ListItem","position":2,"name":"Accueil","item":"https:\/\/egytopiatours.com\/fr\/accueil\/"},{"@type":"ListItem","position":3,"name":"Sur mesure"}]},{"@type":"WebSite","@id":"https:\/\/egytopiatours.com\/fr\/#website","url":"https:\/\/egytopiatours.com\/fr\/","name":"EgytopiaTours","description":"Tours from A to Z","publisher":{"@id":"https:\/\/egytopiatours.com\/fr\/#organization"},"potentialAction":[{"@type":"SearchAction","target":{"@type":"EntryPoint","urlTemplate":"https:\/\/egytopiatours.com\/fr\/?s={search_term_string}"},"query-input":{"@type":"PropertyValueSpecification","valueRequired":true,"valueName":"search_term_string"}}],"inLanguage":"fr-FR"},{"@type":"Organization","@id":"https:\/\/egytopiatours.com\/fr\/#organization","name":"EgytopiaTours","url":"https:\/\/egytopiatours.com\/fr\/","logo":{"@type":"ImageObject","inLanguage":"fr-FR","@id":"https:\/\/egytopiatours.com\/fr\/#\/schema\/logo\/image\/","url":"https:\/\/egytopiatours.com\/wp-content\/uploads\/2025\/07\/Egytopia_Horizontal_White-300x95-1.png","contentUrl":"https:\/\/egytopiatours.com\/wp-content\/uploads\/2025\/07\/Egytopia_Horizontal_White-300x95-1.png","width":300,"height":95,"caption":"EgytopiaTours"},"image":{"@id":"https:\/\/egytopiatours.com\/fr\/#\/schema\/logo\/image\/"}}]}},"acf":[],"_links":{"self":[{"href":"https:\/\/egytopiatours.com\/fr\/wp-json\/wp\/v2\/pages\/3503","targetHints":{"allow":["GET"]}}],"collection":[{"href":"https:\/\/egytopiatours.com\/fr\/wp-json\/wp\/v2\/pages"}],"about":[{"href":"https:\/\/egytopiatours.com\/fr\/wp-json\/wp\/v2\/types\/page"}],"author":[{"embeddable":true,"href":"https:\/\/egytopiatours.com\/fr\/wp-json\/wp\/v2\/users\/1"}],"replies":[{"embeddable":true,"href":"https:\/\/egytopiatours.com\/fr\/wp-json\/wp\/v2\/comments?post=3503"}],"version-history":[{"count":1,"href":"https:\/\/egytopiatours.com\/fr\/wp-json\/wp\/v2\/pages\/3503\/revisions"}],"predecessor-version":[{"id":3504,"href":"https:\/\/egytopiatours.com\/fr\/wp-json\/wp\/v2\/pages\/3503\/revisions\/3504"}],"up":[{"embeddable":true,"href":"https:\/\/egytopiatours.com\/fr\/wp-json\/wp\/v2\/pages\/2821"}],"wp:attachment":[{"href":"https:\/\/egytopiatours.com\/fr\/wp-json\/wp\/v2\/media?parent=3503"}],"wp:term":[{"taxonomy":"category","embeddable":true,"href":"https:\/\/egytopiatours.com\/fr\/wp-json\/wp\/v2\/categories?post=3503"},{"taxonomy":"post_tag","embeddable":true,"href":"https:\/\/egytopiatours.com\/fr\/wp-json\/wp\/v2\/tags?post=3503"}],"curies":[{"name":"wp","href":"https:\/\/api.w.org\/{rel}","templated":true}]}}