{"id":3948,"date":"2025-07-14T11:13:55","date_gmt":"2025-07-14T11:13:55","guid":{"rendered":"https:\/\/egytopiatours.com\/a-travers-le-prisme\/"},"modified":"2026-03-10T14:10:48","modified_gmt":"2026-03-10T14:10:48","slug":"a-travers-le-prisme","status":"publish","type":"page","link":"https:\/\/egytopiatours.com\/fr\/accueil\/thematique\/a-travers-le-prisme\/","title":{"rendered":"\u00c0 travers le prisme"},"content":{"rendered":"\t\t<div data-elementor-type=\"wp-post\" data-elementor-id=\"3948\" class=\"elementor elementor-3948 elementor-2230\" data-elementor-post-type=\"page\">\n\t\t\t\t<div data-particle_enable=\"false\" data-particle-mobile-disabled=\"false\" class=\"elementor-element elementor-element-30879a9 e-flex e-con-boxed wpr-particle-no wpr-jarallax-no wpr-parallax-no wpr-sticky-section-no wpr-equal-height-no e-con e-parent\" data-id=\"30879a9\" data-element_type=\"container\" data-e-type=\"container\" data-settings=\"{&quot;background_background&quot;:&quot;classic&quot;}\">\n\t\t\t\t\t<div class=\"e-con-inner\">\n\t\t\t\t<div class=\"elementor-element elementor-element-30a58af elementor-widget elementor-widget-heading\" data-id=\"30a58af\" data-element_type=\"widget\" data-e-type=\"widget\" data-widget_type=\"heading.default\">\n\t\t\t\t\t<h1 class=\"elementor-heading-title elementor-size-default\">\u00c0 travers le prisme<\/h1>\t\t\t\t<\/div>\n\t\t\t\t\t<\/div>\n\t\t\t\t<\/div>\n\t\t<div data-particle_enable=\"false\" data-particle-mobile-disabled=\"false\" class=\"elementor-element elementor-element-5cce532 e-flex e-con-boxed wpr-particle-no wpr-jarallax-no wpr-parallax-no wpr-sticky-section-no wpr-equal-height-no e-con e-parent\" data-id=\"5cce532\" data-element_type=\"container\" data-e-type=\"container\">\n\t\t\t\t\t<div class=\"e-con-inner\">\n\t\t<div data-particle_enable=\"false\" data-particle-mobile-disabled=\"false\" class=\"elementor-element elementor-element-eb7ff1f e-con-full e-flex wpr-particle-no wpr-jarallax-no wpr-parallax-no wpr-sticky-section-no wpr-equal-height-no e-con e-child\" data-id=\"eb7ff1f\" data-element_type=\"container\" data-e-type=\"container\">\n\t\t\t\t<div class=\"elementor-element elementor-element-455a433 elementor-widget__width-initial elementor-widget elementor-widget-icon-box\" data-id=\"455a433\" data-element_type=\"widget\" data-e-type=\"widget\" data-widget_type=\"icon-box.default\">\n\t\t\t\t\t\t\t<div class=\"elementor-icon-box-wrapper\">\n\n\t\t\t\n\t\t\t\t\t\t<div class=\"elementor-icon-box-content\">\n\n\t\t\t\t\t\t\t\t\t<h3 class=\"elementor-icon-box-title\">\n\t\t\t\t\t\t<span  >\n\t\t\t\t\t\t\t1\t\t\t\t\t\t<\/span>\n\t\t\t\t\t<\/h3>\n\t\t\t\t\n\t\t\t\t\t\t\t\t\t<p class=\"elementor-icon-box-description\">\n\t\t\t\t\t\tTourn\u00e9es\t\t\t\t\t<\/p>\n\t\t\t\t\n\t\t\t<\/div>\n\t\t\t\n\t\t<\/div>\n\t\t\t\t\t\t<\/div>\n\t\t\t\t<\/div>\n\t\t<div data-particle_enable=\"false\" data-particle-mobile-disabled=\"false\" class=\"elementor-element elementor-element-76485e8 e-flex e-con-boxed wpr-particle-no wpr-jarallax-no wpr-parallax-no wpr-sticky-section-no wpr-equal-height-no e-con e-child\" data-id=\"76485e8\" data-element_type=\"container\" data-e-type=\"container\">\n\t\t\t\t\t<div class=\"e-con-inner\">\n\t\t\t\t<div class=\"elementor-element elementor-element-c58c8a8 elementor-position-inline-start elementor-mobile-position-inline-start elementor-view-default elementor-widget elementor-widget-icon-box\" data-id=\"c58c8a8\" data-element_type=\"widget\" data-e-type=\"widget\" data-widget_type=\"icon-box.default\">\n\t\t\t\t\t\t\t<div class=\"elementor-icon-box-wrapper\">\n\n\t\t\t\t\t\t<div class=\"elementor-icon-box-icon\">\n\t\t\t\t<span  class=\"elementor-icon\">\n\t\t\t\t<svg aria-hidden=\"true\" class=\"e-font-icon-svg e-far-star\" viewBox=\"0 0 576 512\" xmlns=\"http:\/\/www.w3.org\/2000\/svg\"><path d=\"M528.1 171.5L382 150.2 316.7 17.8c-11.7-23.6-45.6-23.9-57.4 0L194 150.2 47.9 171.5c-26.2 3.8-36.7 36.1-17.7 54.6l105.7 103-25 145.5c-4.5 26.3 23.2 46 46.4 33.7L288 439.6l130.7 68.7c23.2 12.2 50.9-7.4 46.4-33.7l-25-145.5 105.7-103c19-18.5 8.5-50.8-17.7-54.6zM388.6 312.3l23.7 138.4L288 385.4l-124.3 65.3 23.7-138.4-100.6-98 139-20.2 62.2-126 62.2 126 139 20.2-100.6 98z\"><\/path><\/svg>\t\t\t\t<\/span>\n\t\t\t<\/div>\n\t\t\t\n\t\t\t\t\t\t<div class=\"elementor-icon-box-content\">\n\n\t\t\t\t\n\t\t\t\t\t\t\t\t\t<p class=\"elementor-icon-box-description\">\n\t\t\t\t\t\tCadre le moment\t\t\t\t\t<\/p>\n\t\t\t\t\n\t\t\t<\/div>\n\t\t\t\n\t\t<\/div>\n\t\t\t\t\t\t<\/div>\n\t\t\t\t<div class=\"elementor-element elementor-element-90a2704 elementor-position-inline-start elementor-mobile-position-inline-start elementor-view-default elementor-widget elementor-widget-icon-box\" data-id=\"90a2704\" data-element_type=\"widget\" data-e-type=\"widget\" data-widget_type=\"icon-box.default\">\n\t\t\t\t\t\t\t<div class=\"elementor-icon-box-wrapper\">\n\n\t\t\t\t\t\t<div class=\"elementor-icon-box-icon\">\n\t\t\t\t<span  class=\"elementor-icon\">\n\t\t\t\t<svg aria-hidden=\"true\" class=\"e-font-icon-svg e-far-star\" viewBox=\"0 0 576 512\" xmlns=\"http:\/\/www.w3.org\/2000\/svg\"><path d=\"M528.1 171.5L382 150.2 316.7 17.8c-11.7-23.6-45.6-23.9-57.4 0L194 150.2 47.9 171.5c-26.2 3.8-36.7 36.1-17.7 54.6l105.7 103-25 145.5c-4.5 26.3 23.2 46 46.4 33.7L288 439.6l130.7 68.7c23.2 12.2 50.9-7.4 46.4-33.7l-25-145.5 105.7-103c19-18.5 8.5-50.8-17.7-54.6zM388.6 312.3l23.7 138.4L288 385.4l-124.3 65.3 23.7-138.4-100.6-98 139-20.2 62.2-126 62.2 126 139 20.2-100.6 98z\"><\/path><\/svg>\t\t\t\t<\/span>\n\t\t\t<\/div>\n\t\t\t\n\t\t\t\t\t\t<div class=\"elementor-icon-box-content\">\n\n\t\t\t\t\n\t\t\t\t\t\t\t\t\t<p class=\"elementor-icon-box-description\">\n\t\t\t\t\t\tVoyez ce que les autres manquent\t\t\t\t\t<\/p>\n\t\t\t\t\n\t\t\t<\/div>\n\t\t\t\n\t\t<\/div>\n\t\t\t\t\t\t<\/div>\n\t\t\t\t<div class=\"elementor-element elementor-element-37755ac elementor-position-inline-start elementor-mobile-position-inline-start elementor-view-default elementor-widget elementor-widget-icon-box\" data-id=\"37755ac\" data-element_type=\"widget\" data-e-type=\"widget\" data-widget_type=\"icon-box.default\">\n\t\t\t\t\t\t\t<div class=\"elementor-icon-box-wrapper\">\n\n\t\t\t\t\t\t<div class=\"elementor-icon-box-icon\">\n\t\t\t\t<span  class=\"elementor-icon\">\n\t\t\t\t<svg aria-hidden=\"true\" class=\"e-font-icon-svg e-far-star\" viewBox=\"0 0 576 512\" xmlns=\"http:\/\/www.w3.org\/2000\/svg\"><path d=\"M528.1 171.5L382 150.2 316.7 17.8c-11.7-23.6-45.6-23.9-57.4 0L194 150.2 47.9 171.5c-26.2 3.8-36.7 36.1-17.7 54.6l105.7 103-25 145.5c-4.5 26.3 23.2 46 46.4 33.7L288 439.6l130.7 68.7c23.2 12.2 50.9-7.4 46.4-33.7l-25-145.5 105.7-103c19-18.5 8.5-50.8-17.7-54.6zM388.6 312.3l23.7 138.4L288 385.4l-124.3 65.3 23.7-138.4-100.6-98 139-20.2 62.2-126 62.2 126 139 20.2-100.6 98z\"><\/path><\/svg>\t\t\t\t<\/span>\n\t\t\t<\/div>\n\t\t\t\n\t\t\t\t\t\t<div class=\"elementor-icon-box-content\">\n\n\t\t\t\t\n\t\t\t\t\t\t\t\t\t<p class=\"elementor-icon-box-description\">\n\t\t\t\t\t\tLumi\u00e8re et Ombre\t\t\t\t\t<\/p>\n\t\t\t\t\n\t\t\t<\/div>\n\t\t\t\n\t\t<\/div>\n\t\t\t\t\t\t<\/div>\n\t\t\t\t\t<\/div>\n\t\t\t\t<\/div>\n\t\t\t\t<div class=\"elementor-element elementor-element-73826c6 elementor-widget-divider--view-line elementor-widget elementor-widget-divider\" data-id=\"73826c6\" data-element_type=\"widget\" data-e-type=\"widget\" data-widget_type=\"divider.default\">\n\t\t\t\t\t\t\t<div class=\"elementor-divider\">\n\t\t\t<span class=\"elementor-divider-separator\">\n\t\t\t\t\t\t<\/span>\n\t\t<\/div>\n\t\t\t\t\t\t<\/div>\n\t\t<div data-particle_enable=\"false\" data-particle-mobile-disabled=\"false\" class=\"elementor-element elementor-element-119e30a e-con-full e-flex wpr-particle-no wpr-jarallax-no wpr-parallax-no wpr-sticky-section-no wpr-equal-height-no e-con e-child\" data-id=\"119e30a\" data-element_type=\"container\" data-e-type=\"container\">\n\t\t\t\t<div class=\"elementor-element elementor-element-a77c51c elementor-widget__width-inherit elementor-widget elementor-widget-text-editor\" data-id=\"a77c51c\" data-element_type=\"widget\" data-e-type=\"widget\" data-widget_type=\"text-editor.default\">\n\t\t\t\t\t\t\t\t\tCeci est une visite pour les conteurs visuels. Des dunes dor\u00e9es aux ombres de temples, l\u2019\u00c9gypte offre des cadres parfaits \u00e0 chaque tournant. Capturez des moments que peu d\u2019autres voient, guid\u00e9s par des professionnels qui savent o\u00f9 la lumi\u00e8re reste le plus longtemps et o\u00f9 les histoires se cachent.  \t\t\t\t\t\t\t\t<\/div>\n\t\t\t\t<\/div>\n\t\t\t\t<div class=\"elementor-element elementor-element-34def1b elementor-widget-divider--view-line elementor-widget elementor-widget-divider\" data-id=\"34def1b\" data-element_type=\"widget\" data-e-type=\"widget\" data-widget_type=\"divider.default\">\n\t\t\t\t\t\t\t<div class=\"elementor-divider\">\n\t\t\t<span class=\"elementor-divider-separator\">\n\t\t\t\t\t\t<\/span>\n\t\t<\/div>\n\t\t\t\t\t\t<\/div>\n\t\t\t\t<div class=\"elementor-element elementor-element-94eaa93 elementor-invisible elementor-widget elementor-widget-heading\" data-id=\"94eaa93\" data-element_type=\"widget\" data-e-type=\"widget\" data-settings=\"{&quot;_animation&quot;:&quot;fadeInUp&quot;}\" data-widget_type=\"heading.default\">\n\t\t\t\t\t<h2 class=\"elementor-heading-title elementor-size-default\">D\u00e9couvrez l\u2019\u00c9gypte avec de nouveaux yeux<\/h2>\t\t\t\t<\/div>\n\t\t<div data-particle_enable=\"false\" data-particle-mobile-disabled=\"false\" class=\"elementor-element elementor-element-a844ddb e-con-full e-flex wpr-particle-no wpr-jarallax-no wpr-parallax-no wpr-sticky-section-no wpr-equal-height-no e-con e-child\" data-id=\"a844ddb\" data-element_type=\"container\" data-e-type=\"container\">\n\t\t<div data-particle_enable=\"false\" data-particle-mobile-disabled=\"false\" class=\"elementor-element elementor-element-5a65803 e-con-full e-flex wpr-particle-no wpr-jarallax-no wpr-parallax-no wpr-sticky-section-no wpr-equal-height-no e-con e-child\" data-id=\"5a65803\" data-element_type=\"container\" data-e-type=\"container\" data-settings=\"{&quot;background_background&quot;:&quot;classic&quot;}\">\n\t\t\t\t<div class=\"elementor-element elementor-element-4d4aa0e elementor-widget elementor-widget-image\" data-id=\"4d4aa0e\" data-element_type=\"widget\" data-e-type=\"widget\" data-widget_type=\"image.default\">\n\t\t\t\t\t\t\t\t\t\t\t\t\t\t\t\t<a href=\"https:\/\/egytopiatours.com\/home\/theme-based\/through-the-lens\/th-005-egypt-through-your-lens\/\">\n\t\t\t\t\t\t\t<img fetchpriority=\"high\" decoding=\"async\" width=\"800\" height=\"534\" src=\"https:\/\/egytopiatours.com\/wp-content\/uploads\/2025\/07\/side-view-man-taking-photos-with-camera-1024x683.webp\" class=\"attachment-large size-large wp-image-3831\" alt=\"\" srcset=\"https:\/\/egytopiatours.com\/wp-content\/uploads\/2025\/07\/side-view-man-taking-photos-with-camera-1024x683.webp 1024w, https:\/\/egytopiatours.com\/wp-content\/uploads\/2025\/07\/side-view-man-taking-photos-with-camera-300x200.webp 300w, https:\/\/egytopiatours.com\/wp-content\/uploads\/2025\/07\/side-view-man-taking-photos-with-camera-768x512.webp 768w, https:\/\/egytopiatours.com\/wp-content\/uploads\/2025\/07\/side-view-man-taking-photos-with-camera-1536x1024.webp 1536w, https:\/\/egytopiatours.com\/wp-content\/uploads\/2025\/07\/side-view-man-taking-photos-with-camera-2048x1366.webp 2048w\" sizes=\"(max-width: 800px) 100vw, 800px\" \/>\t\t\t\t\t\t\t\t<\/a>\n\t\t\t\t\t\t\t\t\t\t\t\t\t\t\t<\/div>\n\t\t\t\t<div class=\"elementor-element elementor-element-4ea8cab elementor-widget__width-initial elementor-widget elementor-widget-heading\" data-id=\"4ea8cab\" data-element_type=\"widget\" data-e-type=\"widget\" data-widget_type=\"heading.default\">\n\t\t\t\t\t<h2 class=\"elementor-heading-title elementor-size-default\"><a href=\"https:\/\/egytopiatours.com\/home\/theme-based\/through-the-lens\/th-005-egypt-through-your-lens\/\">\u00c0 partir de 100$<\/a><\/h2>\t\t\t\t<\/div>\n\t\t\t\t<div class=\"elementor-element elementor-element-c6997b8 elementor-widget elementor-widget-heading\" data-id=\"c6997b8\" data-element_type=\"widget\" data-e-type=\"widget\" data-widget_type=\"heading.default\">\n\t\t\t\t\t<h2 class=\"elementor-heading-title elementor-size-default\"><a href=\"https:\/\/egytopiatours.com\/home\/theme-based\/through-the-lens\/th-005-egypt-through-your-lens\/\">L\u2019\u00c9gypte \u00e0 travers votre prisme<\/a><\/h2>\t\t\t\t<\/div>\n\t\t\t\t<div class=\"elementor-element elementor-element-44236f9 elementor-widget-divider--view-line elementor-widget elementor-widget-divider\" data-id=\"44236f9\" data-element_type=\"widget\" data-e-type=\"widget\" data-widget_type=\"divider.default\">\n\t\t\t\t\t\t\t<div class=\"elementor-divider\">\n\t\t\t<span class=\"elementor-divider-separator\">\n\t\t\t\t\t\t<\/span>\n\t\t<\/div>\n\t\t\t\t\t\t<\/div>\n\t\t\t\t<div class=\"elementor-element elementor-element-533b25a elementor-widget elementor-widget-text-editor\" data-id=\"533b25a\" data-element_type=\"widget\" data-e-type=\"widget\" data-widget_type=\"text-editor.default\">\n\t\t\t\t\t\t\t\t\tParticipez \u00e0 une visite guid\u00e9e con\u00e7ue pour les photographes. Capturez la beaut\u00e9 de l\u2019\u00c9gypte avec des conseils d\u2019experts et des moments visuels inoubliables. \t\t\t\t\t\t\t\t<\/div>\n\t\t\t\t<div class=\"elementor-element elementor-element-df4ce79 elementor-align-center elementor-widget elementor-widget-button\" data-id=\"df4ce79\" data-element_type=\"widget\" data-e-type=\"widget\" data-widget_type=\"button.default\">\n\t\t\t\t\t\t\t\t\t\t<a class=\"elementor-button elementor-button-link elementor-size-sm\" href=\"https:\/\/egytopiatours.com\/fr\/accueil\/thematique\/a-travers-le-prisme\/th-005-legypte-a-travers-votre-objectif\/\">\n\t\t\t\t\t\t<span class=\"elementor-button-content-wrapper\">\n\t\t\t\t\t\t\t\t\t<span class=\"elementor-button-text\">En savoir plus<\/span>\n\t\t\t\t\t<\/span>\n\t\t\t\t\t<\/a>\n\t\t\t\t\t\t\t\t<\/div>\n\t\t\t\t<\/div>\n\t\t\t\t<\/div>\n\t\t\t\t\t<\/div>\n\t\t\t\t<\/div>\n\t\t\t\t<\/div>\n\t\t","protected":false},"excerpt":{"rendered":"<p>\u00c0 travers le prisme 1 Tourn\u00e9es Cadre le moment Voyez ce que les autres manquent Lumi\u00e8re et Ombre Ceci est une visite pour les conteurs visuels. Des dunes dor\u00e9es aux ombres de temples, l\u2019\u00c9gypte offre des cadres parfaits \u00e0 chaque tournant. Capturez des moments que peu d\u2019autres voient, guid\u00e9s par des professionnels qui savent o\u00f9 la lumi\u00e8re reste le plus longtemps et o\u00f9 les histoires se cachent. D\u00e9couvrez l\u2019\u00c9gypte avec de nouveaux yeux \u00c0 partir de 100$ L\u2019\u00c9gypte \u00e0 travers votre prisme Participez \u00e0 une visite guid\u00e9e con\u00e7ue pour les photographes. Capturez la beaut\u00e9 de l\u2019\u00c9gypte avec des conseils d\u2019experts et des moments visuels inoubliables. En savoir plus<\/p>\n","protected":false},"author":1,"featured_media":0,"parent":4550,"menu_order":0,"comment_status":"closed","ping_status":"closed","template":"","meta":{"footnotes":""},"categories":[88],"tags":[],"class_list":["post-3948","page","type-page","status-publish","hentry","category-thematique"],"yoast_head":"<!-- This site is optimized with the Yoast SEO plugin v27.3 - https:\/\/yoast.com\/product\/yoast-seo-wordpress\/ -->\n<title>\u00c0 travers le prisme - EgytopiaTours<\/title>\n<meta name=\"robots\" content=\"index, follow, max-snippet:-1, max-image-preview:large, max-video-preview:-1\" \/>\n<link rel=\"canonical\" href=\"https:\/\/egytopiatours.com\/fr\/accueil\/thematique\/a-travers-le-prisme\/\" \/>\n<meta property=\"og:locale\" content=\"fr_FR\" \/>\n<meta property=\"og:type\" content=\"article\" \/>\n<meta property=\"og:title\" content=\"\u00c0 travers le prisme - EgytopiaTours\" \/>\n<meta property=\"og:description\" content=\"\u00c0 travers le prisme 1 Tourn\u00e9es Cadre le moment Voyez ce que les autres manquent Lumi\u00e8re et Ombre Ceci est une visite pour les conteurs visuels. Des dunes dor\u00e9es aux ombres de temples, l\u2019\u00c9gypte offre des cadres parfaits \u00e0 chaque tournant. Capturez des moments que peu d\u2019autres voient, guid\u00e9s par des professionnels qui savent o\u00f9 la lumi\u00e8re reste le plus longtemps et o\u00f9 les histoires se cachent. D\u00e9couvrez l\u2019\u00c9gypte avec de nouveaux yeux \u00c0 partir de 100$ L\u2019\u00c9gypte \u00e0 travers votre prisme Participez \u00e0 une visite guid\u00e9e con\u00e7ue pour les photographes. Capturez la beaut\u00e9 de l\u2019\u00c9gypte avec des conseils d\u2019experts et des moments visuels inoubliables. En savoir plus\" \/>\n<meta property=\"og:url\" content=\"https:\/\/egytopiatours.com\/fr\/accueil\/thematique\/a-travers-le-prisme\/\" \/>\n<meta property=\"og:site_name\" content=\"EgytopiaTours\" \/>\n<meta property=\"article:modified_time\" content=\"2026-03-10T14:10:48+00:00\" \/>\n<meta property=\"og:image\" content=\"https:\/\/egytopiatours.com\/wp-content\/uploads\/2025\/07\/side-view-man-taking-photos-with-camera-scaled.webp\" \/>\n\t<meta property=\"og:image:width\" content=\"2560\" \/>\n\t<meta property=\"og:image:height\" content=\"1707\" \/>\n\t<meta property=\"og:image:type\" content=\"image\/webp\" \/>\n<meta name=\"twitter:card\" content=\"summary_large_image\" \/>\n<meta name=\"twitter:label1\" content=\"Dur\u00e9e de lecture estim\u00e9e\" \/>\n\t<meta name=\"twitter:data1\" content=\"1 minute\" \/>\n<script type=\"application\/ld+json\" class=\"yoast-schema-graph\">{\"@context\":\"https:\\\/\\\/schema.org\",\"@graph\":[{\"@type\":\"WebPage\",\"@id\":\"https:\\\/\\\/egytopiatours.com\\\/fr\\\/accueil\\\/thematique\\\/a-travers-le-prisme\\\/\",\"url\":\"https:\\\/\\\/egytopiatours.com\\\/fr\\\/accueil\\\/thematique\\\/a-travers-le-prisme\\\/\",\"name\":\"\u00c0 travers le prisme - EgytopiaTours\",\"isPartOf\":{\"@id\":\"https:\\\/\\\/egytopiatours.com\\\/fr\\\/#website\"},\"primaryImageOfPage\":{\"@id\":\"https:\\\/\\\/egytopiatours.com\\\/fr\\\/accueil\\\/thematique\\\/a-travers-le-prisme\\\/#primaryimage\"},\"image\":{\"@id\":\"https:\\\/\\\/egytopiatours.com\\\/fr\\\/accueil\\\/thematique\\\/a-travers-le-prisme\\\/#primaryimage\"},\"thumbnailUrl\":\"https:\\\/\\\/egytopiatours.com\\\/wp-content\\\/uploads\\\/2025\\\/07\\\/side-view-man-taking-photos-with-camera-1024x683.webp\",\"datePublished\":\"2025-07-14T11:13:55+00:00\",\"dateModified\":\"2026-03-10T14:10:48+00:00\",\"breadcrumb\":{\"@id\":\"https:\\\/\\\/egytopiatours.com\\\/fr\\\/accueil\\\/thematique\\\/a-travers-le-prisme\\\/#breadcrumb\"},\"inLanguage\":\"fr-FR\",\"potentialAction\":[{\"@type\":\"ReadAction\",\"target\":[\"https:\\\/\\\/egytopiatours.com\\\/fr\\\/accueil\\\/thematique\\\/a-travers-le-prisme\\\/\"]}]},{\"@type\":\"ImageObject\",\"inLanguage\":\"fr-FR\",\"@id\":\"https:\\\/\\\/egytopiatours.com\\\/fr\\\/accueil\\\/thematique\\\/a-travers-le-prisme\\\/#primaryimage\",\"url\":\"https:\\\/\\\/egytopiatours.com\\\/wp-content\\\/uploads\\\/2025\\\/07\\\/side-view-man-taking-photos-with-camera-1024x683.webp\",\"contentUrl\":\"https:\\\/\\\/egytopiatours.com\\\/wp-content\\\/uploads\\\/2025\\\/07\\\/side-view-man-taking-photos-with-camera-1024x683.webp\"},{\"@type\":\"BreadcrumbList\",\"@id\":\"https:\\\/\\\/egytopiatours.com\\\/fr\\\/accueil\\\/thematique\\\/a-travers-le-prisme\\\/#breadcrumb\",\"itemListElement\":[{\"@type\":\"ListItem\",\"position\":1,\"name\":\"Home\",\"item\":\"https:\\\/\\\/egytopiatours.com\\\/fr\\\/accueil\\\/\"},{\"@type\":\"ListItem\",\"position\":2,\"name\":\"Accueil\",\"item\":\"https:\\\/\\\/egytopiatours.com\\\/fr\\\/accueil\\\/\"},{\"@type\":\"ListItem\",\"position\":3,\"name\":\"Th\u00e9matique\",\"item\":\"https:\\\/\\\/egytopiatours.com\\\/fr\\\/accueil\\\/thematique\\\/\"},{\"@type\":\"ListItem\",\"position\":4,\"name\":\"\u00c0 travers le prisme\"}]},{\"@type\":\"WebSite\",\"@id\":\"https:\\\/\\\/egytopiatours.com\\\/fr\\\/#website\",\"url\":\"https:\\\/\\\/egytopiatours.com\\\/fr\\\/\",\"name\":\"EgytopiaTours\",\"description\":\"Tours from A to Z\",\"publisher\":{\"@id\":\"https:\\\/\\\/egytopiatours.com\\\/fr\\\/#organization\"},\"potentialAction\":[{\"@type\":\"SearchAction\",\"target\":{\"@type\":\"EntryPoint\",\"urlTemplate\":\"https:\\\/\\\/egytopiatours.com\\\/fr\\\/?s={search_term_string}\"},\"query-input\":{\"@type\":\"PropertyValueSpecification\",\"valueRequired\":true,\"valueName\":\"search_term_string\"}}],\"inLanguage\":\"fr-FR\"},{\"@type\":\"Organization\",\"@id\":\"https:\\\/\\\/egytopiatours.com\\\/fr\\\/#organization\",\"name\":\"EgytopiaTours\",\"url\":\"https:\\\/\\\/egytopiatours.com\\\/fr\\\/\",\"logo\":{\"@type\":\"ImageObject\",\"inLanguage\":\"fr-FR\",\"@id\":\"https:\\\/\\\/egytopiatours.com\\\/fr\\\/#\\\/schema\\\/logo\\\/image\\\/\",\"url\":\"https:\\\/\\\/egytopiatours.com\\\/wp-content\\\/uploads\\\/2025\\\/07\\\/Egytopia_Horizontal_White-300x95-1.png\",\"contentUrl\":\"https:\\\/\\\/egytopiatours.com\\\/wp-content\\\/uploads\\\/2025\\\/07\\\/Egytopia_Horizontal_White-300x95-1.png\",\"width\":300,\"height\":95,\"caption\":\"EgytopiaTours\"},\"image\":{\"@id\":\"https:\\\/\\\/egytopiatours.com\\\/fr\\\/#\\\/schema\\\/logo\\\/image\\\/\"}}]}<\/script>\n<!-- \/ Yoast SEO plugin. -->","yoast_head_json":{"title":"\u00c0 travers le prisme - EgytopiaTours","robots":{"index":"index","follow":"follow","max-snippet":"max-snippet:-1","max-image-preview":"max-image-preview:large","max-video-preview":"max-video-preview:-1"},"canonical":"https:\/\/egytopiatours.com\/fr\/accueil\/thematique\/a-travers-le-prisme\/","og_locale":"fr_FR","og_type":"article","og_title":"\u00c0 travers le prisme - EgytopiaTours","og_description":"\u00c0 travers le prisme 1 Tourn\u00e9es Cadre le moment Voyez ce que les autres manquent Lumi\u00e8re et Ombre Ceci est une visite pour les conteurs visuels. Des dunes dor\u00e9es aux ombres de temples, l\u2019\u00c9gypte offre des cadres parfaits \u00e0 chaque tournant. Capturez des moments que peu d\u2019autres voient, guid\u00e9s par des professionnels qui savent o\u00f9 la lumi\u00e8re reste le plus longtemps et o\u00f9 les histoires se cachent. D\u00e9couvrez l\u2019\u00c9gypte avec de nouveaux yeux \u00c0 partir de 100$ L\u2019\u00c9gypte \u00e0 travers votre prisme Participez \u00e0 une visite guid\u00e9e con\u00e7ue pour les photographes. Capturez la beaut\u00e9 de l\u2019\u00c9gypte avec des conseils d\u2019experts et des moments visuels inoubliables. En savoir plus","og_url":"https:\/\/egytopiatours.com\/fr\/accueil\/thematique\/a-travers-le-prisme\/","og_site_name":"EgytopiaTours","article_modified_time":"2026-03-10T14:10:48+00:00","og_image":[{"width":2560,"height":1707,"url":"https:\/\/egytopiatours.com\/wp-content\/uploads\/2025\/07\/side-view-man-taking-photos-with-camera-scaled.webp","type":"image\/webp"}],"twitter_card":"summary_large_image","twitter_misc":{"Dur\u00e9e de lecture estim\u00e9e":"1 minute"},"schema":{"@context":"https:\/\/schema.org","@graph":[{"@type":"WebPage","@id":"https:\/\/egytopiatours.com\/fr\/accueil\/thematique\/a-travers-le-prisme\/","url":"https:\/\/egytopiatours.com\/fr\/accueil\/thematique\/a-travers-le-prisme\/","name":"\u00c0 travers le prisme - EgytopiaTours","isPartOf":{"@id":"https:\/\/egytopiatours.com\/fr\/#website"},"primaryImageOfPage":{"@id":"https:\/\/egytopiatours.com\/fr\/accueil\/thematique\/a-travers-le-prisme\/#primaryimage"},"image":{"@id":"https:\/\/egytopiatours.com\/fr\/accueil\/thematique\/a-travers-le-prisme\/#primaryimage"},"thumbnailUrl":"https:\/\/egytopiatours.com\/wp-content\/uploads\/2025\/07\/side-view-man-taking-photos-with-camera-1024x683.webp","datePublished":"2025-07-14T11:13:55+00:00","dateModified":"2026-03-10T14:10:48+00:00","breadcrumb":{"@id":"https:\/\/egytopiatours.com\/fr\/accueil\/thematique\/a-travers-le-prisme\/#breadcrumb"},"inLanguage":"fr-FR","potentialAction":[{"@type":"ReadAction","target":["https:\/\/egytopiatours.com\/fr\/accueil\/thematique\/a-travers-le-prisme\/"]}]},{"@type":"ImageObject","inLanguage":"fr-FR","@id":"https:\/\/egytopiatours.com\/fr\/accueil\/thematique\/a-travers-le-prisme\/#primaryimage","url":"https:\/\/egytopiatours.com\/wp-content\/uploads\/2025\/07\/side-view-man-taking-photos-with-camera-1024x683.webp","contentUrl":"https:\/\/egytopiatours.com\/wp-content\/uploads\/2025\/07\/side-view-man-taking-photos-with-camera-1024x683.webp"},{"@type":"BreadcrumbList","@id":"https:\/\/egytopiatours.com\/fr\/accueil\/thematique\/a-travers-le-prisme\/#breadcrumb","itemListElement":[{"@type":"ListItem","position":1,"name":"Home","item":"https:\/\/egytopiatours.com\/fr\/accueil\/"},{"@type":"ListItem","position":2,"name":"Accueil","item":"https:\/\/egytopiatours.com\/fr\/accueil\/"},{"@type":"ListItem","position":3,"name":"Th\u00e9matique","item":"https:\/\/egytopiatours.com\/fr\/accueil\/thematique\/"},{"@type":"ListItem","position":4,"name":"\u00c0 travers le prisme"}]},{"@type":"WebSite","@id":"https:\/\/egytopiatours.com\/fr\/#website","url":"https:\/\/egytopiatours.com\/fr\/","name":"EgytopiaTours","description":"Tours from A to Z","publisher":{"@id":"https:\/\/egytopiatours.com\/fr\/#organization"},"potentialAction":[{"@type":"SearchAction","target":{"@type":"EntryPoint","urlTemplate":"https:\/\/egytopiatours.com\/fr\/?s={search_term_string}"},"query-input":{"@type":"PropertyValueSpecification","valueRequired":true,"valueName":"search_term_string"}}],"inLanguage":"fr-FR"},{"@type":"Organization","@id":"https:\/\/egytopiatours.com\/fr\/#organization","name":"EgytopiaTours","url":"https:\/\/egytopiatours.com\/fr\/","logo":{"@type":"ImageObject","inLanguage":"fr-FR","@id":"https:\/\/egytopiatours.com\/fr\/#\/schema\/logo\/image\/","url":"https:\/\/egytopiatours.com\/wp-content\/uploads\/2025\/07\/Egytopia_Horizontal_White-300x95-1.png","contentUrl":"https:\/\/egytopiatours.com\/wp-content\/uploads\/2025\/07\/Egytopia_Horizontal_White-300x95-1.png","width":300,"height":95,"caption":"EgytopiaTours"},"image":{"@id":"https:\/\/egytopiatours.com\/fr\/#\/schema\/logo\/image\/"}}]}},"acf":[],"_links":{"self":[{"href":"https:\/\/egytopiatours.com\/fr\/wp-json\/wp\/v2\/pages\/3948","targetHints":{"allow":["GET"]}}],"collection":[{"href":"https:\/\/egytopiatours.com\/fr\/wp-json\/wp\/v2\/pages"}],"about":[{"href":"https:\/\/egytopiatours.com\/fr\/wp-json\/wp\/v2\/types\/page"}],"author":[{"embeddable":true,"href":"https:\/\/egytopiatours.com\/fr\/wp-json\/wp\/v2\/users\/1"}],"replies":[{"embeddable":true,"href":"https:\/\/egytopiatours.com\/fr\/wp-json\/wp\/v2\/comments?post=3948"}],"version-history":[{"count":1,"href":"https:\/\/egytopiatours.com\/fr\/wp-json\/wp\/v2\/pages\/3948\/revisions"}],"predecessor-version":[{"id":3951,"href":"https:\/\/egytopiatours.com\/fr\/wp-json\/wp\/v2\/pages\/3948\/revisions\/3951"}],"up":[{"embeddable":true,"href":"https:\/\/egytopiatours.com\/fr\/wp-json\/wp\/v2\/pages\/4550"}],"wp:attachment":[{"href":"https:\/\/egytopiatours.com\/fr\/wp-json\/wp\/v2\/media?parent=3948"}],"wp:term":[{"taxonomy":"category","embeddable":true,"href":"https:\/\/egytopiatours.com\/fr\/wp-json\/wp\/v2\/categories?post=3948"},{"taxonomy":"post_tag","embeddable":true,"href":"https:\/\/egytopiatours.com\/fr\/wp-json\/wp\/v2\/tags?post=3948"}],"curies":[{"name":"wp","href":"https:\/\/api.w.org\/{rel}","templated":true}]}}